{"id":85,"date":"2022-12-20T11:58:49","date_gmt":"2022-12-20T10:58:49","guid":{"rendered":"http:\/\/cms.dedenhausen.de\/sovd\/?page_id=85"},"modified":"2024-09-12T09:46:15","modified_gmt":"2024-09-12T07:46:15","slug":"aktuelles","status":"publish","type":"page","link":"https:\/\/cms.dedenhausen.de\/sovd\/aktuelles\/","title":{"rendered":"Aktuelles"},"content":{"rendered":"\n<div data-wp-interactive=\"core\/file\" class=\"wp-block-file\"><object data-wp-bind--hidden=\"!state.hasPdfPreview\" hidden class=\"wp-block-file__embed\" data=\"https:\/\/cms.dedenhausen.de\/sovd\/wp-content\/uploads\/sites\/7\/2024\/09\/Einladung.pdf\" type=\"application\/pdf\" style=\"width:100%;height:600px\" aria-label=\"Einbettung von Einladung.\"><\/object><a id=\"wp-block-file--media-d499f78b-503f-494e-ab8a-b17d97456331\" href=\"https:\/\/cms.dedenhausen.de\/sovd\/wp-content\/uploads\/sites\/7\/2024\/09\/Einladung.pdf\">Einladung<\/a><a href=\"https:\/\/cms.dedenhausen.de\/sovd\/wp-content\/uploads\/sites\/7\/2024\/09\/Einladung.pdf\" class=\"wp-block-file__button wp-element-button\" download aria-describedby=\"wp-block-file--media-d499f78b-503f-494e-ab8a-b17d97456331\">Herunterladen<\/a><\/div>\n\n\n\n<div data-wp-interactive=\"core\/file\" class=\"wp-block-file\"><object data-wp-bind--hidden=\"!state.hasPdfPreview\" hidden class=\"wp-block-file__embed\" data=\"http:\/\/cms.dedenhausen.de\/sovd\/wp-content\/uploads\/sites\/7\/2024\/01\/Einladungsschreiben.pdf\" type=\"application\/pdf\" style=\"width:100%;height:600px\" aria-label=\"Einbettung von Einladungsschreiben.\"><\/object><a id=\"wp-block-file--media-5cb43feb-3c9b-4085-a552-496cdde20846\" href=\"http:\/\/cms.dedenhausen.de\/sovd\/wp-content\/uploads\/sites\/7\/2024\/01\/Einladungsschreiben.pdf\">Einladungsschreiben<\/a><a href=\"http:\/\/cms.dedenhausen.de\/sovd\/wp-content\/uploads\/sites\/7\/2024\/01\/Einladungsschreiben.pdf\" class=\"wp-block-file__button wp-element-button\" download aria-describedby=\"wp-block-file--media-5cb43feb-3c9b-4085-a552-496cdde20846\">Herunterladen<\/a><\/div>\n\n\n\n<div data-wp-interactive=\"core\/file\" class=\"wp-block-file\"><object data-wp-bind--hidden=\"!state.hasPdfPreview\" hidden class=\"wp-block-file__embed\" data=\"http:\/\/cms.dedenhausen.de\/sovd\/wp-content\/uploads\/sites\/7\/2024\/01\/Tagesordnung.pdf\" type=\"application\/pdf\" style=\"width:100%;height:600px\" aria-label=\"Einbettung von Tagesordnung.\"><\/object><a id=\"wp-block-file--media-97c301e0-a85b-4ea7-9bea-468653323469\" href=\"http:\/\/cms.dedenhausen.de\/sovd\/wp-content\/uploads\/sites\/7\/2024\/01\/Tagesordnung.pdf\">Tagesordnung<\/a><a href=\"http:\/\/cms.dedenhausen.de\/sovd\/wp-content\/uploads\/sites\/7\/2024\/01\/Tagesordnung.pdf\" class=\"wp-block-file__button wp-element-button\" download aria-describedby=\"wp-block-file--media-97c301e0-a85b-4ea7-9bea-468653323469\">Herunterladen<\/a><\/div>\n\n\n\n<div data-wp-interactive=\"core\/file\" class=\"wp-block-file\"><object data-wp-bind--hidden=\"!state.hasPdfPreview\" hidden class=\"wp-block-file__embed\" data=\"http:\/\/cms.dedenhausen.de\/sovd\/wp-content\/uploads\/sites\/7\/2023\/10\/SoVD_Einladung-1.pdf\" type=\"application\/pdf\" style=\"width:100%;height:600px\" aria-label=\"Einbettung von SoVD_Einladung-1.\"><\/object><a id=\"wp-block-file--media-b429ba17-829b-4ae2-b1cf-44a59e4c428a\" href=\"http:\/\/cms.dedenhausen.de\/sovd\/wp-content\/uploads\/sites\/7\/2023\/10\/SoVD_Einladung-1.pdf\">SoVD_Einladung-1<\/a><a href=\"http:\/\/cms.dedenhausen.de\/sovd\/wp-content\/uploads\/sites\/7\/2023\/10\/SoVD_Einladung-1.pdf\" class=\"wp-block-file__button wp-element-button\" download aria-describedby=\"wp-block-file--media-b429ba17-829b-4ae2-b1cf-44a59e4c428a\">Herunterladen<\/a><\/div>\n\n\n\n<div class=\"wp-block-group is-vertical is-layout-flex wp-container-core-group-is-layout-8cf370e7 wp-block-group-is-layout-flex\">\n<p><strong>SoVD Dedenhausen: Mitgliederversammlung mit Showprogramm<\/strong> (M\u00e4rz 2023)<\/p>\n\n\n\n<p>Eine gut besuchte Versammlung mit rd. 80 Teilnehmern konnte die seit dem vergangenen Jahr neue Vorst\u00e4ndin des SoVD Ortsverein Dedenhausen Barbara Walzer Anfang M\u00e4rz er\u00f6ffnen. Frau Walzer f\u00fchrte zusammen mit ihrem Vorstand souver\u00e4n durch einen abwechslungsreichen Abend. In seinen Gru\u00dfworten zollte Ortsb\u00fcrgermeister Joachim Hutschenreuter dem Dorf \u201emit seinem beispiellosen Miteinander in diesen Krisenzeiten\u201c ausdr\u00fccklich gro\u00dfen Respekt und Ausdauer. Er w\u00fcnschte dem neu konstituiertem Vorstand eine erfolgreiche Arbeit. Wilhelm Schmolke, Ehrenvorsitzender des SoVD Dedenhausen, freute sich \u00fcber den jungen Neuzugang im Vorstand nach dem Ausscheiden des bisherigen Vorsitzenden S\u00f6hnke Lessmann. Geehrt wurden im Anschluss f\u00fcr eine 10j\u00e4hrige Mitgliedschaft die anwesenden Personen Ingrid und Reinhard Neumann, Kerstin und Markus Sprenger, Doris und Dirk Voigtl\u00e4nder sowie Nicol Wildhagen. Bereits 25 Jahre im Verband sind Gisela Bieler und Horst Schrader. Da die Ehrungen in den vergangenen Jahren ausfallen mussten, wurden sie kurzerhand und \u00fcberraschend f\u00fcr die zu Ehrenden nachgeholt: F\u00fcr 10 Jahre Zugeh\u00f6rigkeit wurden Ingrid und Michael Schmedding ausgezeichnet, Helga Havekost f\u00fcr 25 Jahre und \u00fcber besondere 40 Jahre freute sich Hubert Ortmann. Es folgten die Verlesung des vergangenen Protokolls, der Bericht des Vorstandes \u00fcber die geleistete Arbeit und seine Entlastung. Damit war der offizielle Teil des gr\u00f6\u00dften Ortsverbandes des Kreises erfolgreich beendet. Auf die anschlie\u00dfende kom\u00f6diantische Showeinlage freute sich das gesamte Publikum: Bauer Frank war mit seinem humorigen Programm angereist und traf mit Zeitgeist und Witz genau den Geschmack des Publikums. F\u00fcr seine unterhaltsamen Anekdoten aus dem Leben mit all seinen T\u00fccken und Fallstricken gab es immer wieder begeisterten Applaus und manche Lachtr\u00e4ne. Ein vergn\u00fcglicher Auftritt! Zu guter Letzt versprach die vom Vorstand mit viel M\u00fche und Aufwand vorbereitete Tombola einen ganzen Reigen an verlockenden Preisen. Viele Sponsoren hatten sich mit gro\u00dfen und kleineren Spenden beteiligt. Schon bald waren alle Lose verkauft und manch einer konnte an diesem Abend voll bepackt nach Hause gehen. Fazit: Eine gelungene SoVD-Versammlung!<\/p>\n\n\n\n<p><\/p>\n<\/div>\n\n\n\n<figure class=\"wp-block-image size-full\"><img loading=\"lazy\" decoding=\"async\" width=\"1024\" height=\"683\" src=\"http:\/\/cms.dedenhausen.de\/sovd\/wp-content\/uploads\/sites\/7\/2023\/03\/DSC_2262_2.jpg\" alt=\"\" class=\"wp-image-142\" srcset=\"https:\/\/cms.dedenhausen.de\/sovd\/wp-content\/uploads\/sites\/7\/2023\/03\/DSC_2262_2.jpg 1024w, https:\/\/cms.dedenhausen.de\/sovd\/wp-content\/uploads\/sites\/7\/2023\/03\/DSC_2262_2-300x200.jpg 300w, https:\/\/cms.dedenhausen.de\/sovd\/wp-content\/uploads\/sites\/7\/2023\/03\/DSC_2262_2-768x512.jpg 768w, https:\/\/cms.dedenhausen.de\/sovd\/wp-content\/uploads\/sites\/7\/2023\/03\/DSC_2262_2-705x470.jpg 705w\" sizes=\"auto, (max-width: 1024px) 100vw, 1024px\" \/><\/figure>\n\n\n\n<figure class=\"wp-block-image size-full\"><img loading=\"lazy\" decoding=\"async\" width=\"1024\" height=\"683\" src=\"http:\/\/cms.dedenhausen.de\/sovd\/wp-content\/uploads\/sites\/7\/2023\/03\/DSC_2258_2.jpg\" alt=\"\" class=\"wp-image-143\" srcset=\"https:\/\/cms.dedenhausen.de\/sovd\/wp-content\/uploads\/sites\/7\/2023\/03\/DSC_2258_2.jpg 1024w, https:\/\/cms.dedenhausen.de\/sovd\/wp-content\/uploads\/sites\/7\/2023\/03\/DSC_2258_2-300x200.jpg 300w, https:\/\/cms.dedenhausen.de\/sovd\/wp-content\/uploads\/sites\/7\/2023\/03\/DSC_2258_2-768x512.jpg 768w, https:\/\/cms.dedenhausen.de\/sovd\/wp-content\/uploads\/sites\/7\/2023\/03\/DSC_2258_2-705x470.jpg 705w\" sizes=\"auto, (max-width: 1024px) 100vw, 1024px\" \/><\/figure>\n\n\n\n<p><\/p>\n\n\n\n\n\n\n\n\n","protected":false},"excerpt":{"rendered":"<p>SoVD Dedenhausen: Mitgliederversammlung mit Showprogramm (M\u00e4rz 2023) Eine gut besuchte Versammlung mit rd. 80 Teilnehmern konnte die seit dem vergangenen Jahr neue Vorst\u00e4ndin des SoVD Ortsverein Dedenhausen Barbara Walzer Anfang M\u00e4rz er\u00f6ffnen. Frau Walzer f\u00fchrte zusammen mit ihrem Vorstand souver\u00e4n durch einen abwechslungsreichen Abend. In seinen Gru\u00dfworten zollte Ortsb\u00fcrgermeister Joachim Hutschenreuter dem Dorf \u201emit seinem [&hellip;]<\/p>\n","protected":false},"author":1,"featured_media":0,"parent":0,"menu_order":0,"comment_status":"closed","ping_status":"closed","template":"","meta":{"footnotes":""},"class_list":["post-85","page","type-page","status-publish","hentry"],"_links":{"self":[{"href":"https:\/\/cms.dedenhausen.de\/sovd\/wp-json\/wp\/v2\/pages\/85","targetHints":{"allow":["GET"]}}],"collection":[{"href":"https:\/\/cms.dedenhausen.de\/sovd\/wp-json\/wp\/v2\/pages"}],"about":[{"href":"https:\/\/cms.dedenhausen.de\/sovd\/wp-json\/wp\/v2\/types\/page"}],"author":[{"embeddable":true,"href":"https:\/\/cms.dedenhausen.de\/sovd\/wp-json\/wp\/v2\/users\/1"}],"replies":[{"embeddable":true,"href":"https:\/\/cms.dedenhausen.de\/sovd\/wp-json\/wp\/v2\/comments?post=85"}],"version-history":[{"count":11,"href":"https:\/\/cms.dedenhausen.de\/sovd\/wp-json\/wp\/v2\/pages\/85\/revisions"}],"predecessor-version":[{"id":182,"href":"https:\/\/cms.dedenhausen.de\/sovd\/wp-json\/wp\/v2\/pages\/85\/revisions\/182"}],"wp:attachment":[{"href":"https:\/\/cms.dedenhausen.de\/sovd\/wp-json\/wp\/v2\/media?parent=85"}],"curies":[{"name":"wp","href":"https:\/\/api.w.org\/{rel}","templated":true}]}}