{"id":32,"date":"2010-11-30T15:51:49","date_gmt":"2010-11-30T14:51:49","guid":{"rendered":"http:\/\/mtv.dedenhausen.de\/?page_id=32"},"modified":"2025-11-30T16:42:07","modified_gmt":"2025-11-30T14:42:07","slug":"badminton","status":"publish","type":"page","link":"https:\/\/cms.dedenhausen.de\/mtv\/eine-seite\/badminton\/","title":{"rendered":"Badminton"},"content":{"rendered":"<h2>Trainingszeiten<\/h2>\n<p>Donnerstag: 19.00 bis 22.00 Uhr<br \/>\nTreffpunkt: Turnhalle Dedenhausen &#8211; Unter den Eichen<\/p>\n<h2>\u00dcbungsleiter<\/h2>\n<p>Max K\u00fcster<br \/>\nMobil.: 0176-22343050<\/p>\n<h2>Kurzbeschreibung<\/h2>\n<p>Wir sind eine kleine Gruppe (bis zu 12 Personen), die Badminton ohne Leistungsdruck spielen, d. h. wir nehmen nicht am Turnierspielbetrieb teil. Unsere Gruppe ist bestens geeignet f\u00fcr Jugendliche und Erwachsene, die einfach nur aus Spa\u00df am Spiel und der Bewegung sich sportlich bet\u00e4tigen. Nat\u00fcrlich spielen wir nach den Badminton-Regeln!<br \/>\nNeulinge k\u00f6nnen jederzeit einsteigen und sind herzlich willkommen!<\/p>\n<p><span style=\"font-size: small\">\u00a0<\/span><\/p>\n","protected":false},"excerpt":{"rendered":"<p>Trainingszeiten Donnerstag: 19.00 bis 22.00 Uhr Treffpunkt: Turnhalle Dedenhausen &#8211; Unter den Eichen \u00dcbungsleiter Max K\u00fcster Mobil.: 0176-22343050 Kurzbeschreibung Wir sind eine kleine Gruppe (bis zu 12 Personen), die Badminton ohne Leistungsdruck spielen, d. h. wir nehmen nicht am Turnierspielbetrieb teil. Unsere Gruppe ist bestens geeignet f\u00fcr Jugendliche und Erwachsene, die einfach nur aus Spa\u00df [&hellip;]<\/p>\n","protected":false},"author":2,"featured_media":0,"parent":1138,"menu_order":0,"comment_status":"open","ping_status":"open","template":"","meta":{"footnotes":""},"class_list":["post-32","page","type-page","status-publish","hentry"],"_links":{"self":[{"href":"https:\/\/cms.dedenhausen.de\/mtv\/wp-json\/wp\/v2\/pages\/32","targetHints":{"allow":["GET"]}}],"collection":[{"href":"https:\/\/cms.dedenhausen.de\/mtv\/wp-json\/wp\/v2\/pages"}],"about":[{"href":"https:\/\/cms.dedenhausen.de\/mtv\/wp-json\/wp\/v2\/types\/page"}],"author":[{"embeddable":true,"href":"https:\/\/cms.dedenhausen.de\/mtv\/wp-json\/wp\/v2\/users\/2"}],"replies":[{"embeddable":true,"href":"https:\/\/cms.dedenhausen.de\/mtv\/wp-json\/wp\/v2\/comments?post=32"}],"version-history":[{"count":7,"href":"https:\/\/cms.dedenhausen.de\/mtv\/wp-json\/wp\/v2\/pages\/32\/revisions"}],"predecessor-version":[{"id":3074,"href":"https:\/\/cms.dedenhausen.de\/mtv\/wp-json\/wp\/v2\/pages\/32\/revisions\/3074"}],"up":[{"embeddable":true,"href":"https:\/\/cms.dedenhausen.de\/mtv\/wp-json\/wp\/v2\/pages\/1138"}],"wp:attachment":[{"href":"https:\/\/cms.dedenhausen.de\/mtv\/wp-json\/wp\/v2\/media?parent=32"}],"curies":[{"name":"wp","href":"https:\/\/api.w.org\/{rel}","templated":true}]}}