{"id":2727,"date":"2024-01-05T22:37:57","date_gmt":"2024-01-05T20:37:57","guid":{"rendered":"http:\/\/cms.dedenhausen.de\/mtv\/?page_id=2727"},"modified":"2025-11-30T16:43:50","modified_gmt":"2025-11-30T14:43:50","slug":"wilde-zwerge-kleinkinderturnen-2","status":"publish","type":"page","link":"https:\/\/cms.dedenhausen.de\/mtv\/eine-seite\/wilde-zwerge-kleinkinderturnen-2\/","title":{"rendered":"Kinderturnen (6 &#8211; 10 Jahre) &#8211; Fit wie ein Turnschuh"},"content":{"rendered":"\n<h2 class=\"wp-block-heading\">Trainingszeiten<\/h2>\n\n\n\n<p>Montag: 17.00 Uhr &#8211; 18.00 Uhr<br>Treffpunkt: Turnhalle Dedenhausen &#8211; Unter den Eichen<\/p>\n\n\n\n<h2 class=\"wp-block-heading\">\u00dcbungsleiterin<\/h2>\n\n\n\n<p>Ayla Beuermann<br>Handy-Nr.: 0178-8724692<\/p>\n\n\n\n<h2 class=\"wp-block-heading\">Kurzbeschreibung<\/h2>\n\n\n\n<p>In der Kinderturngruppe &#8222;Fit wie ein Turnschuh&#8220; k\u00f6nnen Kinder im Alter von 6-10 Jahren mitmachen. In verschiedensten \u00dcbungen verbessern die gro\u00dfen Kleinen ihre Koordination und Bewegungsabl\u00e4ufe bei Spiel und Spa\u00df. <\/p>\n","protected":false},"excerpt":{"rendered":"<p>Trainingszeiten Montag: 17.00 Uhr &#8211; 18.00 UhrTreffpunkt: Turnhalle Dedenhausen &#8211; Unter den Eichen \u00dcbungsleiterin Ayla BeuermannHandy-Nr.: 0178-8724692 Kurzbeschreibung In der Kinderturngruppe &#8222;Fit wie ein Turnschuh&#8220; k\u00f6nnen Kinder im Alter von 6-10 Jahren mitmachen. In verschiedensten \u00dcbungen verbessern die gro\u00dfen Kleinen ihre Koordination und Bewegungsabl\u00e4ufe bei Spiel und Spa\u00df.<\/p>\n","protected":false},"author":2,"featured_media":0,"parent":1138,"menu_order":0,"comment_status":"open","ping_status":"open","template":"","meta":{"footnotes":""},"class_list":["post-2727","page","type-page","status-publish","hentry"],"_links":{"self":[{"href":"https:\/\/cms.dedenhausen.de\/mtv\/wp-json\/wp\/v2\/pages\/2727","targetHints":{"allow":["GET"]}}],"collection":[{"href":"https:\/\/cms.dedenhausen.de\/mtv\/wp-json\/wp\/v2\/pages"}],"about":[{"href":"https:\/\/cms.dedenhausen.de\/mtv\/wp-json\/wp\/v2\/types\/page"}],"author":[{"embeddable":true,"href":"https:\/\/cms.dedenhausen.de\/mtv\/wp-json\/wp\/v2\/users\/2"}],"replies":[{"embeddable":true,"href":"https:\/\/cms.dedenhausen.de\/mtv\/wp-json\/wp\/v2\/comments?post=2727"}],"version-history":[{"count":8,"href":"https:\/\/cms.dedenhausen.de\/mtv\/wp-json\/wp\/v2\/pages\/2727\/revisions"}],"predecessor-version":[{"id":3041,"href":"https:\/\/cms.dedenhausen.de\/mtv\/wp-json\/wp\/v2\/pages\/2727\/revisions\/3041"}],"up":[{"embeddable":true,"href":"https:\/\/cms.dedenhausen.de\/mtv\/wp-json\/wp\/v2\/pages\/1138"}],"wp:attachment":[{"href":"https:\/\/cms.dedenhausen.de\/mtv\/wp-json\/wp\/v2\/media?parent=2727"}],"curies":[{"name":"wp","href":"https:\/\/api.w.org\/{rel}","templated":true}]}}