{"id":25,"date":"2010-11-30T15:49:37","date_gmt":"2010-11-30T14:49:37","guid":{"rendered":"http:\/\/mtv.dedenhausen.de\/?page_id=25"},"modified":"2025-11-30T16:45:28","modified_gmt":"2025-11-30T14:45:28","slug":"tischtennis","status":"publish","type":"page","link":"https:\/\/cms.dedenhausen.de\/mtv\/eine-seite\/tischtennis\/","title":{"rendered":"Tischtennis"},"content":{"rendered":"\n<h2 class=\"wp-block-heading\">Trainingszeiten<\/h2>\n\n\n\n<p>Dienstag: 19.00 bis 22.00 Uhr<br>Freitag: 18.00 bis 22.00 Uhr<br>Treffpunkt: Turnhalle Dedenhausen &#8211; Unter den Eichen<\/p>\n\n\n\n<h2 class=\"wp-block-heading\">Spartenleiter<\/h2>\n\n\n\n<p>Thorsten Rottmann<br>Mobil: 01512-5258929<\/p>\n\n\n\n<h2 class=\"wp-block-heading\">Kurzbeschreibung<\/h2>\n\n\n\n<p>In welcher Sportart kann man sich im Alter von 8 bis 90 im direkten Wettkampf messen? Na klar, das gibt es nur beim Tischtennis! Im Training w\u00e4rmen sich die Jugendlichen u. a. beim Fu\u00dfballspielen auf. Dann folgen Trainingseinheiten an den mobilen roll- und klappbaren Tischen, Einzeltraining und zur Auflockerung immer mal wieder der beliebte Rundlauf. Zwischendurch werden einzelne Schlagarten und\/oder Bewegungsl\u00e4ufe gezielt optimiert. Nach dem Training werden u. a. Doppel aus je einem Erwachsenen und einem Jugendlichen mit gro\u00dfem Spa\u00df ausgetragen. \u00dcber neue Spieler und Spielerinnen freuen wir uns sehr!<\/p>\n\n\n\n<h2 class=\"wp-block-heading\">Links<\/h2>\n\n\n\n<p><a href=\"https:\/\/www.mytischtennis.de\/click-tt\/TTVN\/25--26\/verein\/2194605\/mtv-dedenhausen\/mannschaften\">mytischtennis.de &#8211; Infoseite MTV Dedenhausen<\/a><\/p>\n\n\n\n<p><\/p>\n","protected":false},"excerpt":{"rendered":"<p>Trainingszeiten Dienstag: 19.00 bis 22.00 UhrFreitag: 18.00 bis 22.00 UhrTreffpunkt: Turnhalle Dedenhausen &#8211; Unter den Eichen Spartenleiter Thorsten RottmannMobil: 01512-5258929 Kurzbeschreibung In welcher Sportart kann man sich im Alter von 8 bis 90 im direkten Wettkampf messen? Na klar, das gibt es nur beim Tischtennis! Im Training w\u00e4rmen sich die Jugendlichen u. a. beim Fu\u00dfballspielen [&hellip;]<\/p>\n","protected":false},"author":1,"featured_media":0,"parent":1138,"menu_order":0,"comment_status":"closed","ping_status":"open","template":"","meta":{"footnotes":""},"class_list":["post-25","page","type-page","status-publish","hentry"],"_links":{"self":[{"href":"https:\/\/cms.dedenhausen.de\/mtv\/wp-json\/wp\/v2\/pages\/25","targetHints":{"allow":["GET"]}}],"collection":[{"href":"https:\/\/cms.dedenhausen.de\/mtv\/wp-json\/wp\/v2\/pages"}],"about":[{"href":"https:\/\/cms.dedenhausen.de\/mtv\/wp-json\/wp\/v2\/types\/page"}],"author":[{"embeddable":true,"href":"https:\/\/cms.dedenhausen.de\/mtv\/wp-json\/wp\/v2\/users\/1"}],"replies":[{"embeddable":true,"href":"https:\/\/cms.dedenhausen.de\/mtv\/wp-json\/wp\/v2\/comments?post=25"}],"version-history":[{"count":8,"href":"https:\/\/cms.dedenhausen.de\/mtv\/wp-json\/wp\/v2\/pages\/25\/revisions"}],"predecessor-version":[{"id":3080,"href":"https:\/\/cms.dedenhausen.de\/mtv\/wp-json\/wp\/v2\/pages\/25\/revisions\/3080"}],"up":[{"embeddable":true,"href":"https:\/\/cms.dedenhausen.de\/mtv\/wp-json\/wp\/v2\/pages\/1138"}],"wp:attachment":[{"href":"https:\/\/cms.dedenhausen.de\/mtv\/wp-json\/wp\/v2\/media?parent=25"}],"curies":[{"name":"wp","href":"https:\/\/api.w.org\/{rel}","templated":true}]}}