{"id":207,"date":"2011-03-31T07:09:06","date_gmt":"2011-03-31T06:09:06","guid":{"rendered":"http:\/\/mtv.dedenhausen.de\/?page_id=207"},"modified":"2025-11-30T16:42:47","modified_gmt":"2025-11-30T14:42:47","slug":"frauen-i","status":"publish","type":"page","link":"https:\/\/cms.dedenhausen.de\/mtv\/eine-seite\/frauen-i\/","title":{"rendered":"Frauen I"},"content":{"rendered":"\n<h2 class=\"wp-block-heading\">\u00dcbungszeiten<\/h2>\n\n\n\n<p>Montag: 19.00 bis 20.15 Uhr<\/p>\n\n\n\n<p>Treffpunkt: Turnhalle Dedenhausen &#8211; Unter den Eichen<\/p>\n\n\n\n<h2 class=\"wp-block-heading\">\u00dcbungsleiterin<\/h2>\n\n\n\n<p>Martina K\u00fcster<\/p>\n\n\n\n<h2 class=\"wp-block-heading\">Spartenleiterin<\/h2>\n\n\n\n<p>Claudia Gr\u00e4fendorf<br>Mobil: 01522-1660940<\/p>\n\n\n\n<h2 class=\"wp-block-heading\">Kurzbeschreibung<\/h2>\n\n\n\n<p>Wir sind eine Turngruppe f\u00fcr jede Altersstufe. An erster Stelle steht bei uns die ganzheitliche Bewegung. Auf die W\u00fcnsche der Teilnehmerinnen geht unsere \u00dcbungsleiterin ein, z. B. Yoga und andere Entspannungs\u00fcbungen. Am Schluss jeder Stunde gibt es ein Spiel. Bei sch\u00f6nem Wetter fahren wir gern Fahrrad, bo\u00dfeln oder walken. \u00dcber neue Mitglieder freuen wir uns!<\/p>\n","protected":false},"excerpt":{"rendered":"<p>\u00dcbungszeiten Montag: 19.00 bis 20.15 Uhr Treffpunkt: Turnhalle Dedenhausen &#8211; Unter den Eichen \u00dcbungsleiterin Martina K\u00fcster Spartenleiterin Claudia Gr\u00e4fendorfMobil: 01522-1660940 Kurzbeschreibung Wir sind eine Turngruppe f\u00fcr jede Altersstufe. An erster Stelle steht bei uns die ganzheitliche Bewegung. Auf die W\u00fcnsche der Teilnehmerinnen geht unsere \u00dcbungsleiterin ein, z. B. Yoga und andere Entspannungs\u00fcbungen. Am Schluss jeder [&hellip;]<\/p>\n","protected":false},"author":1,"featured_media":0,"parent":1138,"menu_order":0,"comment_status":"open","ping_status":"open","template":"","meta":{"footnotes":""},"class_list":["post-207","page","type-page","status-publish","hentry"],"_links":{"self":[{"href":"https:\/\/cms.dedenhausen.de\/mtv\/wp-json\/wp\/v2\/pages\/207","targetHints":{"allow":["GET"]}}],"collection":[{"href":"https:\/\/cms.dedenhausen.de\/mtv\/wp-json\/wp\/v2\/pages"}],"about":[{"href":"https:\/\/cms.dedenhausen.de\/mtv\/wp-json\/wp\/v2\/types\/page"}],"author":[{"embeddable":true,"href":"https:\/\/cms.dedenhausen.de\/mtv\/wp-json\/wp\/v2\/users\/1"}],"replies":[{"embeddable":true,"href":"https:\/\/cms.dedenhausen.de\/mtv\/wp-json\/wp\/v2\/comments?post=207"}],"version-history":[{"count":6,"href":"https:\/\/cms.dedenhausen.de\/mtv\/wp-json\/wp\/v2\/pages\/207\/revisions"}],"predecessor-version":[{"id":3076,"href":"https:\/\/cms.dedenhausen.de\/mtv\/wp-json\/wp\/v2\/pages\/207\/revisions\/3076"}],"up":[{"embeddable":true,"href":"https:\/\/cms.dedenhausen.de\/mtv\/wp-json\/wp\/v2\/pages\/1138"}],"wp:attachment":[{"href":"https:\/\/cms.dedenhausen.de\/mtv\/wp-json\/wp\/v2\/media?parent=207"}],"curies":[{"name":"wp","href":"https:\/\/api.w.org\/{rel}","templated":true}]}}