{"id":1783,"date":"2017-11-28T15:20:26","date_gmt":"2017-11-28T13:20:26","guid":{"rendered":"http:\/\/cms.dedenhausen.de\/mtv\/?page_id=1783"},"modified":"2020-01-29T15:07:35","modified_gmt":"2020-01-29T13:07:35","slug":"allgemeine-fitnessbauch-beine-po","status":"publish","type":"page","link":"https:\/\/cms.dedenhausen.de\/mtv\/eine-seite\/allgemeine-fitnessbauch-beine-po\/","title":{"rendered":"Allgemeine Fitness\/Bauch-Beine-Po"},"content":{"rendered":"<h2>\u00dcbungszeiten<\/h2>\n<p>Montag: 18.00 bis 19.00 Uhr<\/p>\n<h2>\u00dcbungsleiterin<\/h2>\n<p>Angelika Mattern<br \/>\nAm Angerkamp 4a<br \/>\n31311 Uetze \/ Dedenhausen<br \/>\nTel.: 05173-6336<\/p>\n<h2>Kurzbeschreibung<\/h2>\n<p>Bei Fitness Bauch Beine Po geht es um die allgemeine Kr\u00e4ftigung des gesamten K\u00f6rpers.<br \/>\nDie Beweglichkeit wird erhalten und nebenbei wird die K\u00f6rpersilhouette bei regelm\u00e4\u00dfigem Training verbessert.<br \/>\nHier kommt einfach alles dran: Arme, Beine und Oberk\u00f6rper samt R\u00fccken mit und ohne Handger\u00e4te. Nach einem abwechslungsreichem Workout werden die Muskeln gedehnt und entspannt.<\/p>\n","protected":false},"excerpt":{"rendered":"<p>\u00dcbungszeiten Montag: 18.00 bis 19.00 Uhr \u00dcbungsleiterin Angelika Mattern Am Angerkamp 4a 31311 Uetze \/ Dedenhausen Tel.: 05173-6336 Kurzbeschreibung Bei Fitness Bauch Beine Po geht es um die allgemeine Kr\u00e4ftigung des gesamten K\u00f6rpers. Die Beweglichkeit wird erhalten und nebenbei wird die K\u00f6rpersilhouette bei regelm\u00e4\u00dfigem Training verbessert. Hier kommt einfach alles dran: Arme, Beine und Oberk\u00f6rper [&hellip;]<\/p>\n","protected":false},"author":2,"featured_media":0,"parent":1138,"menu_order":0,"comment_status":"closed","ping_status":"closed","template":"","meta":{"footnotes":""},"class_list":["post-1783","page","type-page","status-publish","hentry"],"_links":{"self":[{"href":"https:\/\/cms.dedenhausen.de\/mtv\/wp-json\/wp\/v2\/pages\/1783","targetHints":{"allow":["GET"]}}],"collection":[{"href":"https:\/\/cms.dedenhausen.de\/mtv\/wp-json\/wp\/v2\/pages"}],"about":[{"href":"https:\/\/cms.dedenhausen.de\/mtv\/wp-json\/wp\/v2\/types\/page"}],"author":[{"embeddable":true,"href":"https:\/\/cms.dedenhausen.de\/mtv\/wp-json\/wp\/v2\/users\/2"}],"replies":[{"embeddable":true,"href":"https:\/\/cms.dedenhausen.de\/mtv\/wp-json\/wp\/v2\/comments?post=1783"}],"version-history":[{"count":4,"href":"https:\/\/cms.dedenhausen.de\/mtv\/wp-json\/wp\/v2\/pages\/1783\/revisions"}],"predecessor-version":[{"id":2013,"href":"https:\/\/cms.dedenhausen.de\/mtv\/wp-json\/wp\/v2\/pages\/1783\/revisions\/2013"}],"up":[{"embeddable":true,"href":"https:\/\/cms.dedenhausen.de\/mtv\/wp-json\/wp\/v2\/pages\/1138"}],"wp:attachment":[{"href":"https:\/\/cms.dedenhausen.de\/mtv\/wp-json\/wp\/v2\/media?parent=1783"}],"curies":[{"name":"wp","href":"https:\/\/api.w.org\/{rel}","templated":true}]}}