{"id":1220,"date":"2013-08-12T18:24:46","date_gmt":"2013-08-12T17:24:46","guid":{"rendered":"http:\/\/mtv.dedenhausen.de\/?page_id=1220"},"modified":"2025-11-30T16:42:24","modified_gmt":"2025-11-30T14:42:24","slug":"wilde-zwerge-kleinkinderturnen","status":"publish","type":"page","link":"https:\/\/cms.dedenhausen.de\/mtv\/eine-seite\/wilde-zwerge-kleinkinderturnen\/","title":{"rendered":"Eltern-Kind-Turnen (ab 10 Monate) &#8211; Wilde Zwerge"},"content":{"rendered":"\n<h2 class=\"wp-block-heading\">Trainingszeiten<\/h2>\n\n\n\n<p>Mittwoch: 15:45-17:00 Uhr<br>Treffpunkt: Turnhalle Dedenhausen &#8211; Unter den Eichen<\/p>\n\n\n\n<h2 class=\"wp-block-heading\">\u00dcbungsleiterin<\/h2>\n\n\n\n<p>Franziska Ebert<br>Mobil:<\/p>\n\n\n\n<h2 class=\"wp-block-heading\">Kurzbeschreibung<\/h2>\n\n\n\n<p>In unserer Kinderturngruppe ab 10 Monaten stehen Bewegung, Spiel und Spa\u00df im Mittelpunkt. Durch altersgerechte \u00dcbungen und Spiele f\u00f6rdern wir die motorische Entwicklung der Kleinen und erm\u00f6glichen ihnen gleichzeitig soziale Interaktion mit Gleichaltrigen.<\/p>\n","protected":false},"excerpt":{"rendered":"<p>Trainingszeiten Mittwoch: 15:45-17:00 UhrTreffpunkt: Turnhalle Dedenhausen &#8211; Unter den Eichen \u00dcbungsleiterin Franziska EbertMobil: Kurzbeschreibung In unserer Kinderturngruppe ab 10 Monaten stehen Bewegung, Spiel und Spa\u00df im Mittelpunkt. Durch altersgerechte \u00dcbungen und Spiele f\u00f6rdern wir die motorische Entwicklung der Kleinen und erm\u00f6glichen ihnen gleichzeitig soziale Interaktion mit Gleichaltrigen.<\/p>\n","protected":false},"author":2,"featured_media":0,"parent":1138,"menu_order":0,"comment_status":"open","ping_status":"open","template":"","meta":{"footnotes":""},"class_list":["post-1220","page","type-page","status-publish","hentry"],"_links":{"self":[{"href":"https:\/\/cms.dedenhausen.de\/mtv\/wp-json\/wp\/v2\/pages\/1220","targetHints":{"allow":["GET"]}}],"collection":[{"href":"https:\/\/cms.dedenhausen.de\/mtv\/wp-json\/wp\/v2\/pages"}],"about":[{"href":"https:\/\/cms.dedenhausen.de\/mtv\/wp-json\/wp\/v2\/types\/page"}],"author":[{"embeddable":true,"href":"https:\/\/cms.dedenhausen.de\/mtv\/wp-json\/wp\/v2\/users\/2"}],"replies":[{"embeddable":true,"href":"https:\/\/cms.dedenhausen.de\/mtv\/wp-json\/wp\/v2\/comments?post=1220"}],"version-history":[{"count":19,"href":"https:\/\/cms.dedenhausen.de\/mtv\/wp-json\/wp\/v2\/pages\/1220\/revisions"}],"predecessor-version":[{"id":3073,"href":"https:\/\/cms.dedenhausen.de\/mtv\/wp-json\/wp\/v2\/pages\/1220\/revisions\/3073"}],"up":[{"embeddable":true,"href":"https:\/\/cms.dedenhausen.de\/mtv\/wp-json\/wp\/v2\/pages\/1138"}],"wp:attachment":[{"href":"https:\/\/cms.dedenhausen.de\/mtv\/wp-json\/wp\/v2\/media?parent=1220"}],"curies":[{"name":"wp","href":"https:\/\/api.w.org\/{rel}","templated":true}]}}