{"id":1138,"date":"2010-11-30T13:48:37","date_gmt":"2010-11-30T13:48:37","guid":{"rendered":"http:\/\/mtv.dedenhausen.de\/?page_id=2"},"modified":"2025-11-30T15:28:58","modified_gmt":"2025-11-30T13:28:58","slug":"eine-seite","status":"publish","type":"page","link":"https:\/\/cms.dedenhausen.de\/mtv\/eine-seite\/","title":{"rendered":"Sparten"},"content":{"rendered":"<h2>Sparten\u00fcbersicht<\/h2>\n<p>Auf der rechten Seite finden Sie eine \u00dcbersicht \u00fcber unsere angebotenen Sparten.<\/p>\n","protected":false},"excerpt":{"rendered":"<p>Sparten\u00fcbersicht Auf der rechten Seite finden Sie eine \u00dcbersicht \u00fcber unsere angebotenen Sparten.<\/p>\n","protected":false},"author":2,"featured_media":0,"parent":0,"menu_order":0,"comment_status":"closed","ping_status":"open","template":"","meta":{"footnotes":""},"class_list":["post-1138","page","type-page","status-publish","hentry"],"_links":{"self":[{"href":"https:\/\/cms.dedenhausen.de\/mtv\/wp-json\/wp\/v2\/pages\/1138","targetHints":{"allow":["GET"]}}],"collection":[{"href":"https:\/\/cms.dedenhausen.de\/mtv\/wp-json\/wp\/v2\/pages"}],"about":[{"href":"https:\/\/cms.dedenhausen.de\/mtv\/wp-json\/wp\/v2\/types\/page"}],"author":[{"embeddable":true,"href":"https:\/\/cms.dedenhausen.de\/mtv\/wp-json\/wp\/v2\/users\/2"}],"replies":[{"embeddable":true,"href":"https:\/\/cms.dedenhausen.de\/mtv\/wp-json\/wp\/v2\/comments?post=1138"}],"version-history":[{"count":4,"href":"https:\/\/cms.dedenhausen.de\/mtv\/wp-json\/wp\/v2\/pages\/1138\/revisions"}],"predecessor-version":[{"id":3034,"href":"https:\/\/cms.dedenhausen.de\/mtv\/wp-json\/wp\/v2\/pages\/1138\/revisions\/3034"}],"wp:attachment":[{"href":"https:\/\/cms.dedenhausen.de\/mtv\/wp-json\/wp\/v2\/media?parent=1138"}],"curies":[{"name":"wp","href":"https:\/\/api.w.org\/{rel}","templated":true}]}}