{"id":11,"date":"2011-04-03T11:00:03","date_gmt":"2011-04-03T10:00:03","guid":{"rendered":"http:\/\/mtv.dedenhausen.de\/?page_id=11"},"modified":"2025-11-30T16:48:19","modified_gmt":"2025-11-30T14:48:19","slug":"kontakt","status":"publish","type":"page","link":"https:\/\/cms.dedenhausen.de\/mtv\/kontakt\/","title":{"rendered":"Kontakt"},"content":{"rendered":"<h1>Kontaktdaten und Ansprechpartner<\/h1>\n<p>Allgemeine Fragen und Zuschriften sind per Mail an <strong>mtv@dedenhausen.de<\/strong> zu richten.<\/p>\n<h2>1. Vorsitzende<\/h2>\n<p>Stefan Richter<br \/>\nZum Bahnhof 28<br \/>\n31311 Uetze\/Dedenhausen<\/p>\n<h2>2. Vorsitzender<\/h2>\n<p>Torben No\u00e9<br \/>\nDer Zuschlag 1A<br \/>\n31311 Uetze\/Dedenhausen<\/p>\n<pre>Der 2. Vorsitzende \u00fcbernimmt die Aufgaben der\/des 1. Vorsitzenden f\u00fcr den Fall, \ndass diese\/r verhindert ist. \u00dcbernimmt weitere entlastende Aufgaben.<\/pre>\n<h2>Kassenwartin<\/h2>\n<p>Julia Luther<br \/>\nUetzer Stra\u00dfe 2<br \/>\n31311 Uetze\/Dedenhausen<\/p>\n<pre>Bei Fragen und \u00c4nderungen bzgl. des Beitragseinzuges und bei Rechnungen wenden Sie sich bitte an den Kassenwart.<\/pre>\n<h2>Schriftf\u00fchrerin<\/h2>\n<p>Dorothea Ehlers<br \/>\nGauseworth 27<br \/>\n31311 Uetze\/Dedenhausen<\/p>\n<pre>K\u00fcmmert sich um das Protokollieren der Sitzungen.<\/pre>\n<h2>Hauptsportwart<\/h2>\n<p>Alexander Mattern<br \/>\nAngerkamp 4a<br \/>\n31311 Uetze\/Dedenhausen<\/p>\n<pre>Der Hauptsportwart ist Ansprechpartner f\u00fcr alle Sparten des MTV Dedenhausen.\nAu\u00dferdem ist er zust\u00e4ndig f\u00fcr die Bandenwerbung auf dem Sportplatz.<\/pre>\n<h2>Ger\u00e4tewart<\/h2>\n<p>Olli Missal<br \/>\n31311 Uetze\/Dedenhausen<\/p>\n<pre>Ansprechpartner f\u00fcr jegliche Art von M\u00e4ngeln an Sportger\u00e4ten und\nan den Sportst\u00e4tten selbst. Bitte zeitnah informieren.<\/pre>\n<h2>Jugendwartin<\/h2>\n<p>Wiebke Schubert<br \/>\nDer Zuschlag<br \/>\n31311 Uetze\/Dedenhausen<\/p>\n<pre>Bei Fragen und Anregungen zur Jugendarbeit des MTV Dedenhausen\nsteht Ihnen unser Jugendwart gerne zur Verf\u00fcgung.<\/pre>\n","protected":false},"excerpt":{"rendered":"<p>Kontaktdaten und Ansprechpartner Allgemeine Fragen und Zuschriften sind per Mail an mtv@dedenhausen.de zu richten. 1. Vorsitzende Stefan Richter Zum Bahnhof 28 31311 Uetze\/Dedenhausen 2. Vorsitzender Torben No\u00e9 Der Zuschlag 1A 31311 Uetze\/Dedenhausen Der 2. Vorsitzende \u00fcbernimmt die Aufgaben der\/des 1. Vorsitzenden f\u00fcr den Fall, dass diese\/r verhindert ist. \u00dcbernimmt weitere entlastende Aufgaben. Kassenwartin Julia Luther [&hellip;]<\/p>\n","protected":false},"author":3,"featured_media":0,"parent":0,"menu_order":99,"comment_status":"closed","ping_status":"closed","template":"","meta":{"footnotes":""},"class_list":["post-11","page","type-page","status-publish","hentry"],"_links":{"self":[{"href":"https:\/\/cms.dedenhausen.de\/mtv\/wp-json\/wp\/v2\/pages\/11","targetHints":{"allow":["GET"]}}],"collection":[{"href":"https:\/\/cms.dedenhausen.de\/mtv\/wp-json\/wp\/v2\/pages"}],"about":[{"href":"https:\/\/cms.dedenhausen.de\/mtv\/wp-json\/wp\/v2\/types\/page"}],"author":[{"embeddable":true,"href":"https:\/\/cms.dedenhausen.de\/mtv\/wp-json\/wp\/v2\/users\/3"}],"replies":[{"embeddable":true,"href":"https:\/\/cms.dedenhausen.de\/mtv\/wp-json\/wp\/v2\/comments?post=11"}],"version-history":[{"count":20,"href":"https:\/\/cms.dedenhausen.de\/mtv\/wp-json\/wp\/v2\/pages\/11\/revisions"}],"predecessor-version":[{"id":3084,"href":"https:\/\/cms.dedenhausen.de\/mtv\/wp-json\/wp\/v2\/pages\/11\/revisions\/3084"}],"wp:attachment":[{"href":"https:\/\/cms.dedenhausen.de\/mtv\/wp-json\/wp\/v2\/media?parent=11"}],"curies":[{"name":"wp","href":"https:\/\/api.w.org\/{rel}","templated":true}]}}