{"id":918,"date":"2015-10-14T21:33:14","date_gmt":"2015-10-14T19:33:14","guid":{"rendered":"http:\/\/cms.dedenhausen.de\/feuerwehr\/?page_id=918"},"modified":"2021-02-08T22:26:10","modified_gmt":"2021-02-08T20:26:10","slug":"kurzchronik","status":"publish","type":"page","link":"https:\/\/cms.dedenhausen.de\/feuerwehr\/uber-uns\/kurzchronik\/","title":{"rendered":"Kurzchronik"},"content":{"rendered":"<h3>Kurzchronik der Ortsfeuerwehr Dedenhausen<\/h3>\n<ul>\n<li>4. Februar 1939, Gr\u00fcndung der Freiwilligen Feuerwehr Dedenhausen in der Gast\u00e4tte Gifhorn, davor bestand eine Pflichtfeuerwehr,1. Ortsbrandmeister war Willi Stolte<\/li>\n<li>1939 \u2013 1948, leider keine Aufzeichnungen der FFW Dedenhausen<\/li>\n<li>Das FW-Haus war an der Ecke Eddesser Stra\u00dfe \u2013 Unter den Eichen<\/li>\n<li>1941, letzter Einsatz der Handdruckspritze bei einem Waldbrand in der M\u00f6rse<\/li>\n<li>1942,\u00a0 Anschaffung einer TS 8\/8 Koebe mit DKW 2-Taktmotor<\/li>\n<li>Zugfahrzeug f\u00fcr den TSA war ein Hanomag PKW von Heinrich Grete, dieser wurde darum im Krieg nicht beschlagnahmt<\/li>\n<li>In den Kriegsjahren war auch eine Frauengruppe aktiv, weil viele Kameraden zum Kriegsdienst eingezogen wurden<\/li>\n<li>1945, 2. Ortsbrandmeister Heinrich Grete, Alfred Plack Stellvertreter<\/li>\n<li>1.Januar 1949, Beginn des Protokollbuches<\/li>\n<li>1949, 3. Ortsbrandmeister Alfred Plack, Albert Wille Stellvertreter<\/li>\n<li>Bis 1957, ein Audi Bj.1925dient als Zugfahrzeug f\u00fcr den TSA, Kraftstoffverbrauch ca. 30l Diesel<\/li>\n<li>1956, 4. Ortsbrandmeister Friedrich Gellermann<\/li>\n<li>1957, Anschaffung eines Hanomag mit Pritsche als Zugfahrzeug f\u00fcr den TSA, vormals ein K\u00e4selastwagen der Molkerei<\/li>\n<li>Anfang 1960er Jahre, eine Sirene zur Alarmierung wird in Dedenhausen installiert, davor wurden die Kameraden durch einen Hornisten alarmiert<\/li>\n<li>1963, Bezug des FW-Haus Hopfenfeld<\/li>\n<li>1967, Anschaffung einer TS 8\/8 Gasstrahler mit VW Industriemotor, da die Koebe technisch \u00fcberholt war<\/li>\n<li>1972, Beschaffung eines TSF, Ford Transit, der TSA ging einige Jahre sp\u00e4ter an die Orts-FW Schw\u00fcblingsen<\/li>\n<li>1972, Friedr. Gellermann verstarb, 5. Ortsbrandmeister wird Albert Wille, Erich Schulz Stellvertreter<\/li>\n<li>1974, Gebietsreform, die Gemeinde Dedenhausen geht aus dem Landkreis Peine in die Gemeinde Uetze im Landkreis Hannover, aus der \u201eFreiwilligen Feuerwehr Dedenhausen\u201c wird die \u201eFreiwillige Feuerwehr Uetze \u2013 Ortsfeuerwehr Dedenhausen\u201c<\/li>\n<li>1977, Ausr\u00fcstung des TSF mit einem Funkger\u00e4t, 1979 kamen 4 Handsprechfunkger\u00e4te dazu<\/li>\n<li>1979, 40j\u00e4hriges Bestehen der Ortsfeuerwehr wird gefeiert<\/li>\n<li>1979, G\u00fcnter Brandes wird 6. Ortsbrandmeister, Wilhelm Schmolke Stellvertreter<\/li>\n<li>1979, Gro\u00dfbrand in einem Altkleiderlager\u00a0 an der Uetzer Stra\u00dfe<\/li>\n<li>1980, Albert Wille wird zum Ehrenortsbrandmeister ernannt<\/li>\n<li>1984, Anschaffung der ersten Umluft unabh\u00e4ngigen Atemschutzger\u00e4te (PA\u00b4s)<\/li>\n<li>1987, Grundsteinlegung des FW-Haus Unter den Eichen<\/li>\n<li>4. Juni 1988, Einweihung des FW-Haus Unter den Eichen, Kosten 280.000 DM + Eigenleistungen<\/li>\n<li>1989, 50j\u00e4hriges Bestehen der Ortsfeuerwehr Dedenhausen<\/li>\n<li>1991 Heino Gellermann l\u00f6st Wilhem Schmolke als stellv.Ortsbrandmeister ab<\/li>\n<li>1993, Anschaffung eines TSF-W, Iveco Daily, das erste Fahrzeug dieser Art im Landkreis Hannover, inkl. einer neuen TS 8\/8 Iveco \u201eFire&#8220;<\/li>\n<li>1994, Heino Gellermann wird 7. Ortsbrandmeister, Joachim Ortmann Stellvertreter<\/li>\n<li>1995, Gewinn des Fuhsepokals in Altmerdingsen<\/li>\n<li>1996, wieder weibliche Mitglieder in der Einsatzabteilung der Ortsfeuerwehr Dedenhausen<\/li>\n<li>Juni 1997, eine Windhose zieht mitten \u00fcber Dedenhausen Richtung Uetze, viele B\u00e4ume werden entwurzelt und D\u00e4cher besch\u00e4digt, die Ortsfeuerwehr ist mehrere Tage mit Aufr\u00e4umarbeiten besch\u00e4ftigt<\/li>\n<li>September 1999, 11 FW-Kameraden besuchen die Feuerwehr New York, USA<\/li>\n<li>2000er Jahre, die ersten Brandmeldeanlagen gehen in Dedenhausen in Betrieb, diese werden das Einsatzgeschehen in den n\u00e4chsten Jahren erheblich beeinflussen, haupts\u00e4chlich durch Fehlalarme aber auch ernste Lagen konnten dank der Technik fr\u00fchzeitig bek\u00e4mpft werden<\/li>\n<li>M\u00e4rz 2002, auf einem Acker \u00f6stlich von Dedenhausen wird eine Fliegerbombe aus dem\u00a0\u00a0\u00a0\u00a0\u00a0\u00a0\u00a0\u00a0 2. Weltkrieg entsch\u00e4rft, viele Dedenh\u00e4user werden evakuiert<\/li>\n<li>2003, SMS-Alarmierung wird zur Unterst\u00fctzung der Sirenenalarmierung eingef\u00fchrt<\/li>\n<li>Februar 2006, Markus Sprenger wird 8. Ortsbrandmeister, Martin B\u00f6sche Stellvertreter<\/li>\n<li>M\u00e4rz 2007, durch die Feuerwehr Balatongy\u00f6r\u00f6k \/ Ungarn wird uns \u201eunsere\u201c TS8\/8 Koebe restauriert wieder \u00fcbergeben<\/li>\n<li>13. September 2008, die Partnerschaftsurkunde der Feuerwehr Balatongy\u00f6r\u00f6k und der Ortsfeuerwehr Dedenhausen wird auf dem Festplatz in Dedenhausen unterzeichnet<\/li>\n<li>Februar 2009, G\u00fcnter Brandes wir zum Ehrenortsbrandmeister ernannt<\/li>\n<li>2012, acht junge Dedenh\u00e4user treten nach einer Werbeaktion in die Einsatzabteilung der Ortsfeuerwehr ein<\/li>\n<li>2014, die Ortsfeuerwehr besitzt jetzt 8 digitale Funkmeldeempf\u00e4nger (DME), zur Unterst\u00fctzung der Sirenenalarmierung<\/li>\n<li>4. Februar 2014, 75j\u00e4hriges Bestehen der OrtsfeuerwehrDedenhausen<\/li>\n<li>2014, das Beschaffungsverfahren f\u00fcr ein \u00a0neues TSF-W beginnt<\/li>\n<li>Juli 2014, die TS 8\/8 Iveco erleidet einen Totalschaden, im August 2014 wird eine neue TS 8\/8 von der Fa. Ziegler bestellt, diese wurde am 10. September geliefert<\/li>\n<li>September 2014, die Ortsfeuerwehr hat 220 Mitglieder, 34 sind aktiv, davon 2 weiblich, 14 Alterskameraden<\/li>\n<li>19. September 2014, die Ortsfeuerwehr feiert ihr 75j\u00e4hriges\u00a0 Bestehen gemeinsam mit der 50j\u00e4hrigen Dorfgemeinschaftsjugend auf dem Festplatz in Dedenhausen<\/li>\n<li>20. September 2014, die Ortsfeuerwehr Dedenhausen richtet im Rahmen ihres 75. Geburtstages den Fuhsepokal\u00a0 am Sportplatz aus<\/li>\n<li>Im Fr\u00fchjahr 2015 wird ein neues TSF-W bestellt. Fahrgestell: Iveco Daily, Aufbau: Ziegler, vermutliche Auslieferung: 1. Quartal 2016<\/li>\n<li>Februar 2017, Martin B\u00f6sche wird 9. Ortsbrandmeister, Nils Neumann Stellvertreter<\/li>\n<\/ul>\n","protected":false},"excerpt":{"rendered":"<p>Kurzchronik der Ortsfeuerwehr Dedenhausen 4. Februar 1939, Gr\u00fcndung der Freiwilligen Feuerwehr Dedenhausen in der Gast\u00e4tte Gifhorn, davor bestand eine Pflichtfeuerwehr,1. Ortsbrandmeister war Willi Stolte 1939 \u2013 1948, leider keine Aufzeichnungen der FFW Dedenhausen Das FW-Haus war an der Ecke Eddesser Stra\u00dfe \u2013 Unter den Eichen 1941, letzter Einsatz der Handdruckspritze bei einem Waldbrand in der [&hellip;]<\/p>\n","protected":false},"author":8,"featured_media":0,"parent":57,"menu_order":4,"comment_status":"open","ping_status":"open","template":"","meta":{"footnotes":""},"class_list":["post-918","page","type-page","status-publish","hentry"],"_links":{"self":[{"href":"https:\/\/cms.dedenhausen.de\/feuerwehr\/wp-json\/wp\/v2\/pages\/918","targetHints":{"allow":["GET"]}}],"collection":[{"href":"https:\/\/cms.dedenhausen.de\/feuerwehr\/wp-json\/wp\/v2\/pages"}],"about":[{"href":"https:\/\/cms.dedenhausen.de\/feuerwehr\/wp-json\/wp\/v2\/types\/page"}],"author":[{"embeddable":true,"href":"https:\/\/cms.dedenhausen.de\/feuerwehr\/wp-json\/wp\/v2\/users\/8"}],"replies":[{"embeddable":true,"href":"https:\/\/cms.dedenhausen.de\/feuerwehr\/wp-json\/wp\/v2\/comments?post=918"}],"version-history":[{"count":3,"href":"https:\/\/cms.dedenhausen.de\/feuerwehr\/wp-json\/wp\/v2\/pages\/918\/revisions"}],"predecessor-version":[{"id":1342,"href":"https:\/\/cms.dedenhausen.de\/feuerwehr\/wp-json\/wp\/v2\/pages\/918\/revisions\/1342"}],"up":[{"embeddable":true,"href":"https:\/\/cms.dedenhausen.de\/feuerwehr\/wp-json\/wp\/v2\/pages\/57"}],"wp:attachment":[{"href":"https:\/\/cms.dedenhausen.de\/feuerwehr\/wp-json\/wp\/v2\/media?parent=918"}],"curies":[{"name":"wp","href":"https:\/\/api.w.org\/{rel}","templated":true}]}}