{"id":80,"date":"2010-11-09T13:30:21","date_gmt":"2010-11-09T13:30:21","guid":{"rendered":"http:\/\/feuerwehr.dedenhausen.de\/?page_id=80"},"modified":"2010-11-09T13:30:21","modified_gmt":"2010-11-09T13:30:21","slug":"adventszeit","status":"publish","type":"page","link":"https:\/\/cms.dedenhausen.de\/feuerwehr\/sicherheitstipps\/adventszeit\/","title":{"rendered":"Adventszeit"},"content":{"rendered":"<p>&#8222;&#8230; Advent, Advent ein Lichtlein brennt &#8230;&#8220; beginnt ein bekanntes Weihnachtslied. Doch manchmal brennt nicht nur ein Lichtlein, sondern gleich das ganze Zimmer. Dann steht nicht das Christkind vor der T\u00fcr, wie es im Liedtext hei\u00dft, sondern die Feuerwehr.<\/p>\n<p>Trotz aller Warnungen kommt es Jahr f\u00fcr Jahr zur Weihnachtszeit zu Zimmer und Wohnungsbr\u00e4nden. Meist entstehen solche Br\u00e4nde durch Unachtsamkeit und unsachgem\u00e4\u00dfen Umgang mit Kerzen.<\/p>\n<p>Es geh\u00f6rt zur guten Tradition, die Wohnung mit AAdventsgestecken und Weihnachtsb\u00e4umen zu schm\u00fccken. Dabei wirken brennende Kerzen nicht nur auf Kinder faszinierend. Auch die Erwachsenen empfinden Kerzenlicht als sehr sch\u00f6n.<\/p>\n<p>Leider kommt es dabei immer wieder zu Br\u00e4nden, die das Leben und die Gesundheit bedrohen.<\/p>\n<h3>H\u00e4ufige Brandursachen<\/h3>\n<ul>\n<li> Kerzen zu nah an den Vorh\u00e4ngen (Luftzug) und an Holzverkleidungen von W\u00e4nden und Decken<\/li>\n<li>Verwendung von brennbaren oder gar keinen Kerzenhaltern<\/li>\n<li>Zu weit abgebrannte Kerzen, insbesondere bei trockenen Gestecken<\/li>\n<li>Kleinkinder ziehen die Tischdecke mit dem Adventskranz oder dem Weihnachtsgesteck herunter<\/li>\n<li>Brennen lassen von Kerzen ohne dass sich jemand im Raum befindet<\/li>\n<li>Wachskerzen stecken nicht senkrecht im Kerzenhalter<\/li>\n<li>Brand durch Umkippen oder Umsto\u00dfen des Weihnachtsbaums<\/li>\n<li>Weihnachtsbaumkerzen sind zu nah unter den dar\u00fcber liegenden Zweigen angebracht<\/li>\n<\/ul>\n<h3>Tipps zur Brandverh\u00fctung<\/h3>\n<ul>\n<li>Nichtbrennbare Unterlagen f\u00fcr Adventskr\u00e4nze und -gestecke verwenden<\/li>\n<li>Kr\u00e4nze und Gestecke nicht in die N\u00e4he von W\u00e4rmequellen stellen<\/li>\n<li>Trockenes Gr\u00fcn gegen frisches austauschen<\/li>\n<li>Kaufen sie den Weihnachtsbaum erst kurz vor dem Fest und stellen sie ihn bis dahin in einen Eimer Wasser<\/li>\n<li>Eventuell &#8222;lebenden&#8220; Tannenbaum mit Wurzeln verwenden<\/li>\n<li>Kerzen so anbringen, dass \u00c4ste nicht in Brand geraten<\/li>\n<li>Beim Anz\u00fcnden der Weihnachtsbaumkerzen oben am Baum beginnen und der Reihe nach unten hin anz\u00fcnden<\/li>\n<li>L\u00f6schen der Kerzen in umgekehrter Reihenfolge, von unten nach oben<\/li>\n<li>Kerzen nie ganz abbrennen lassen<\/li>\n<li>Bei brennbarem Baumschmuck darauf achten, dass dieser in einem ausreichenden Abstand zu den Kerzen angebracht wird<\/li>\n<li>Weihnachtsbaum gegen Umkippen absichern<\/li>\n<li>Geeignetes L\u00f6schger\u00e4t bereitstellen wie z.B. einen Eimer mit Wasser oder einen Feuerl\u00f6scher<\/li>\n<li>Bei elektrischen Kerzen nur VDE-gepr\u00fcfte Lichterketten verwenden<\/li>\n<\/ul>\n<p>Wir hoffen, dass Sie durch unsere Tipps keine &#8222;Feuertage&#8220; sondern vielmehr ein frohes und ruhiges Weihnachtsfest erleben.<\/p>\n<p><strong> <\/strong><\/p>\n","protected":false},"excerpt":{"rendered":"<p>&#8222;&#8230; Advent, Advent ein Lichtlein brennt &#8230;&#8220; beginnt ein bekanntes Weihnachtslied. Doch manchmal brennt nicht nur ein Lichtlein, sondern gleich das ganze Zimmer. Dann steht nicht das Christkind vor der T\u00fcr, wie es im Liedtext hei\u00dft, sondern die Feuerwehr. Trotz aller Warnungen kommt es Jahr f\u00fcr Jahr zur Weihnachtszeit zu Zimmer und Wohnungsbr\u00e4nden. Meist entstehen [&hellip;]<\/p>\n","protected":false},"author":1,"featured_media":0,"parent":78,"menu_order":0,"comment_status":"closed","ping_status":"open","template":"","meta":{"footnotes":""},"class_list":["post-80","page","type-page","status-publish","hentry"],"_links":{"self":[{"href":"https:\/\/cms.dedenhausen.de\/feuerwehr\/wp-json\/wp\/v2\/pages\/80","targetHints":{"allow":["GET"]}}],"collection":[{"href":"https:\/\/cms.dedenhausen.de\/feuerwehr\/wp-json\/wp\/v2\/pages"}],"about":[{"href":"https:\/\/cms.dedenhausen.de\/feuerwehr\/wp-json\/wp\/v2\/types\/page"}],"author":[{"embeddable":true,"href":"https:\/\/cms.dedenhausen.de\/feuerwehr\/wp-json\/wp\/v2\/users\/1"}],"replies":[{"embeddable":true,"href":"https:\/\/cms.dedenhausen.de\/feuerwehr\/wp-json\/wp\/v2\/comments?post=80"}],"version-history":[{"count":0,"href":"https:\/\/cms.dedenhausen.de\/feuerwehr\/wp-json\/wp\/v2\/pages\/80\/revisions"}],"up":[{"embeddable":true,"href":"https:\/\/cms.dedenhausen.de\/feuerwehr\/wp-json\/wp\/v2\/pages\/78"}],"wp:attachment":[{"href":"https:\/\/cms.dedenhausen.de\/feuerwehr\/wp-json\/wp\/v2\/media?parent=80"}],"curies":[{"name":"wp","href":"https:\/\/api.w.org\/{rel}","templated":true}]}}