{"id":284,"date":"2011-07-31T13:09:07","date_gmt":"2011-07-31T13:09:07","guid":{"rendered":"http:\/\/feuerwehr.dedenhausen.de\/?page_id=284"},"modified":"2013-08-27T23:33:55","modified_gmt":"2013-08-27T21:33:55","slug":"ortsfeuerwehr-dedenhausen-besucht-partnerfeuerwehr-in-balatongyorok","status":"publish","type":"page","link":"https:\/\/cms.dedenhausen.de\/feuerwehr\/berichte\/ortsfeuerwehr-dedenhausen-besucht-partnerfeuerwehr-in-balatongyorok\/","title":{"rendered":"Besuch der Partnerfeuerwehr in Balatongy\u00f6r\u00f6k 2011"},"content":{"rendered":"<p><strong>Reise wurde ohne finanzielle Mittel der Gemeinde Uetze durchgef\u00fchrt.<br \/>\n<\/strong><strong>Dedenhausen\/Balatongy\u00f6r\u00f6k.<\/strong><\/p>\n<p>Am 21. Juli trafen 14 f\u00f6rdernde und aktive Feuerwehrleute der Ortsfeuerwehr Dedenhausen zu einem viert\u00e4gigen Besuch im Partnerort der Gemeinde Uetze am Balaton (Plattensee \/ Ungarn) ein.<\/p>\n<p>Teilweise wurde sogar in Familienst\u00e4rke angereist um den Partnerschaftsbesuch mit einem Familienurlaub zu verbinden.<\/p>\n<p>Ortsbrandmeister Gyula Micola aus Balatongy\u00f6r\u00f6k begr\u00fc\u00dfte die G\u00e4ste aus Dedenhausen im Feuerwehrhaus mit einer kleineren Abordnung und dem obligatorischen Palinka-Obstbrand.<\/p>\n<p>Einige Dedenh\u00e4user Kameradinnen und Kameraden waren zum ersten Mal am Balaton, doch schon nach kurzer Zeit gab es keine Ber\u00fchrungs\u00e4ngste mehr. Nach einem kleinen Imbiss gingen die Feuerwehrleute gemeinsam zum \u00f6rtlichen Weinfest an das Ufer des Balaton, welches in den n\u00e4chsten Tagen noch h\u00e4ufiger besucht werden sollte. Dort wurden die Dedenh\u00e4user vom Ortsb\u00fcrgermeister begr\u00fc\u00dft und bekamen jeder ein Weinglas mit einer Gravur vom Weinfest Balatongy\u00f6r\u00f6k 2011. Mit diesem Weinglas hatten die G\u00e4ste die M\u00f6glichkeit, kostenlos Rebens\u00e4fte der vielz\u00e4hligen \u00a0Winzer aus der Region zu verkosten.<\/p>\n<p>Wie es die ungarische Gastfreundschaft gebietet wurde nat\u00fcrlich auch nicht an reichhaltigem Essen gespart. Und so war das Gelingen des Abends kein Problem mehr.<\/p>\n<p>Die n\u00e4chsten Tage wurden so gestaltet, dass die Vormittags- und Mittagsstunden f\u00fcr die G\u00e4ste aus der Gemeinde Uetze zur freien Verf\u00fcgung standen. Ab dem Nachmittag oder fr\u00fchen Abend wurden gemeinsame Aktivit\u00e4ten mit den ungarischen Gastgebern unternommen.<\/p>\n<p>So hatte die Feuerwehr Balatongy\u00f6r\u00f6k eine Ausstellung in einem Gemeinschaftshaus des Ortes eingerichtet, in der das Jubil\u00e4um der \u201eGy\u00f6r\u00f6ki Hamutiprok\u201c gefeiert wurde. So nennt sich die Feuerwehr Balatongy\u00f6r\u00f6k selbstironisch. Gy\u00f6r\u00f6ki Hmutiprok bedeutet soviel wie \u201eGy\u00f6r\u00f6ker Asche-Platttreter\u201c. Diesen Namen hatten sich die Brandbek\u00e4mpfer vom Balaton vor vielen Jahren selbst gegeben. Von benachbarten Feuerwehren wurde stets behauptet, dass die Gy\u00f6r\u00f6ker Feuerwehr erst ankommt, wenn es nur noch Asche plattzutreten g\u00e4be.<\/p>\n<p>In Ungarn gibt es keine kommunal organisierten Freiwilligen Feuerwehren in den Ortschaften. Man muss dort im Ernstfall entweder auf die Feuerwehr in der n\u00e4chst gr\u00f6\u00dferen Stadt warten oder es haben sich Freiwillige in Feuerwehren zusammengetan, die aber von der Struktur eher den deutschen Sportvereinen \u00e4hneln. So sind auch die \u00f6rtlichen Feuerwehr-wettk\u00e4mpfe eher\u00a0 Spa\u00dfveranstaltungen f\u00fcr die ganze Familie, als genormte Vorschrfts-veranstaltungen. Nat\u00fcrlich geht es aber auch in Ungarn nicht ganz ohne Regeln und Vorschriften.<\/p>\n<p>Bei der Veranstaltung zum Jubil\u00e4um, bei der nat\u00fcrlich auch die Partnerschaft erw\u00e4hnt wurde, \u00fcberreichte Gyula Micola den freiwilligen Brandbek\u00e4mpfern aus Dedenhausen ein handgemaltes Bild des Heiligen Sankt Florian als Geschenk. Dieses Bild wird in Zukunft einen ehrenvollen Platz im Feuerwehrhaus in Dedenhausen erhalten.<\/p>\n<p>Die Tage und Abende am Balaton wurde auf unterschiedliche Weise von den Feuerwehr-leuten aus Dedenhausen genutzt. Baden im Plattensee, Besuche auf M\u00e4rkten, in Museen, Schl\u00f6ssern oder zum Beispiel auf einer Discoschifffahrt auf dem Balaton. Sogar das Wetter hatte einen weiten Bogen gespannt, von sonnig warm bis regnerisch k\u00fchl.<\/p>\n<p>Nach vier Tagen Partnerschaftsbesuch konnten die beiden Ortsbrandmeister Gyula Micola und Markus Sprenger ein positives Ergebnis ziehen. Diese Partnerschaft besteht nicht nur auf dem Papier der Partnerschaftsurkunde, sondern auch in ihrer aktiven Aus\u00fcbung.<\/p>\n<p>Da die Gemeinde Uetze eine Haushaltssperre verh\u00e4ngt hat und der Topf f\u00fcr die Pflege der Partnerschaft mit der Partnergemeinde Balatongy\u00f6r\u00f6k schon im Fr\u00fchjahr verbraucht war, hatten die Feuerwehrleute der Ortfeuerwehr Dedenhausen diese Reise komplett aus eigenen Mitteln bestritten.<\/p>\n<p>Dies soll sie aber nicht hindern die Partnerschaft auch in Zukunft zu pflegen. Im Jahr 2012 sieht man sich in Dedenhausen wieder.<\/p>\n<p>Markus Sprenger, Ortsbrandmeister der Ortsfeuerwehr Dedenhausen, im Juli 2011<\/p>\n\n\t\t<style type=\"text\/css\">\n\t\t\t#gallery-1 {\n\t\t\t\tmargin: auto;\n\t\t\t}\n\t\t\t#gallery-1 .gallery-item {\n\t\t\t\tfloat: left;\n\t\t\t\tmargin-top: 10px;\n\t\t\t\ttext-align: center;\n\t\t\t\twidth: 33%;\n\t\t\t}\n\t\t\t#gallery-1 img {\n\t\t\t\tborder: 2px solid #cfcfcf;\n\t\t\t}\n\t\t\t#gallery-1 .gallery-caption {\n\t\t\t\tmargin-left: 0;\n\t\t\t}\n\t\t\t\/* see gallery_shortcode() in wp-includes\/media.php *\/\n\t\t<\/style>\n\t\t<div id='gallery-1' class='gallery galleryid-284 gallery-columns-3 gallery-size-thumbnail'><dl class='gallery-item'>\n\t\t\t<dt class='gallery-icon landscape'>\n\t\t\t\t<a href='https:\/\/cms.dedenhausen.de\/feuerwehr\/berichte\/ortsfeuerwehr-dedenhausen-besucht-partnerfeuerwehr-in-balatongyorok\/ungarn2011_01\/'><img loading=\"lazy\" decoding=\"async\" width=\"80\" height=\"80\" src=\"https:\/\/cms.dedenhausen.de\/feuerwehr\/wp-content\/uploads\/sites\/2\/2011\/07\/ungarn2011_01-80x80.jpg\" class=\"attachment-thumbnail size-thumbnail\" alt=\"\" \/><\/a>\n\t\t\t<\/dt><\/dl><dl class='gallery-item'>\n\t\t\t<dt class='gallery-icon landscape'>\n\t\t\t\t<a href='https:\/\/cms.dedenhausen.de\/feuerwehr\/berichte\/ortsfeuerwehr-dedenhausen-besucht-partnerfeuerwehr-in-balatongyorok\/ungarn2011_02\/'><img loading=\"lazy\" decoding=\"async\" width=\"80\" height=\"80\" src=\"https:\/\/cms.dedenhausen.de\/feuerwehr\/wp-content\/uploads\/sites\/2\/2011\/07\/ungarn2011_02-80x80.jpg\" class=\"attachment-thumbnail size-thumbnail\" alt=\"\" \/><\/a>\n\t\t\t<\/dt><\/dl><dl class='gallery-item'>\n\t\t\t<dt class='gallery-icon landscape'>\n\t\t\t\t<a href='https:\/\/cms.dedenhausen.de\/feuerwehr\/berichte\/ortsfeuerwehr-dedenhausen-besucht-partnerfeuerwehr-in-balatongyorok\/ungarn2011_03\/'><img loading=\"lazy\" decoding=\"async\" width=\"80\" height=\"80\" src=\"https:\/\/cms.dedenhausen.de\/feuerwehr\/wp-content\/uploads\/sites\/2\/2011\/07\/ungarn2011_03-80x80.jpg\" class=\"attachment-thumbnail size-thumbnail\" alt=\"\" \/><\/a>\n\t\t\t<\/dt><\/dl><br style=\"clear: both\" \/><dl class='gallery-item'>\n\t\t\t<dt class='gallery-icon landscape'>\n\t\t\t\t<a href='https:\/\/cms.dedenhausen.de\/feuerwehr\/berichte\/ortsfeuerwehr-dedenhausen-besucht-partnerfeuerwehr-in-balatongyorok\/ungarn2011_04\/'><img loading=\"lazy\" decoding=\"async\" width=\"80\" height=\"80\" src=\"https:\/\/cms.dedenhausen.de\/feuerwehr\/wp-content\/uploads\/sites\/2\/2011\/07\/ungarn2011_04-80x80.jpg\" class=\"attachment-thumbnail size-thumbnail\" alt=\"\" \/><\/a>\n\t\t\t<\/dt><\/dl><dl class='gallery-item'>\n\t\t\t<dt class='gallery-icon landscape'>\n\t\t\t\t<a href='https:\/\/cms.dedenhausen.de\/feuerwehr\/berichte\/ortsfeuerwehr-dedenhausen-besucht-partnerfeuerwehr-in-balatongyorok\/ungarn2011_05\/'><img loading=\"lazy\" decoding=\"async\" width=\"80\" height=\"80\" src=\"https:\/\/cms.dedenhausen.de\/feuerwehr\/wp-content\/uploads\/sites\/2\/2011\/07\/ungarn2011_05-80x80.jpg\" class=\"attachment-thumbnail size-thumbnail\" alt=\"\" \/><\/a>\n\t\t\t<\/dt><\/dl><dl class='gallery-item'>\n\t\t\t<dt class='gallery-icon landscape'>\n\t\t\t\t<a href='https:\/\/cms.dedenhausen.de\/feuerwehr\/berichte\/ortsfeuerwehr-dedenhausen-besucht-partnerfeuerwehr-in-balatongyorok\/ungarn2011_06\/'><img loading=\"lazy\" decoding=\"async\" width=\"80\" height=\"80\" src=\"https:\/\/cms.dedenhausen.de\/feuerwehr\/wp-content\/uploads\/sites\/2\/2011\/07\/ungarn2011_06-80x80.jpg\" class=\"attachment-thumbnail size-thumbnail\" alt=\"\" \/><\/a>\n\t\t\t<\/dt><\/dl><br style=\"clear: both\" \/><dl class='gallery-item'>\n\t\t\t<dt class='gallery-icon portrait'>\n\t\t\t\t<a href='https:\/\/cms.dedenhausen.de\/feuerwehr\/berichte\/ortsfeuerwehr-dedenhausen-besucht-partnerfeuerwehr-in-balatongyorok\/ungarn2011_07\/'><img loading=\"lazy\" decoding=\"async\" width=\"80\" height=\"80\" src=\"https:\/\/cms.dedenhausen.de\/feuerwehr\/wp-content\/uploads\/sites\/2\/2011\/07\/ungarn2011_07-80x80.jpg\" class=\"attachment-thumbnail size-thumbnail\" alt=\"\" \/><\/a>\n\t\t\t<\/dt><\/dl><dl class='gallery-item'>\n\t\t\t<dt class='gallery-icon landscape'>\n\t\t\t\t<a href='https:\/\/cms.dedenhausen.de\/feuerwehr\/berichte\/ortsfeuerwehr-dedenhausen-besucht-partnerfeuerwehr-in-balatongyorok\/ungarn2011_08\/'><img loading=\"lazy\" decoding=\"async\" width=\"80\" height=\"80\" src=\"https:\/\/cms.dedenhausen.de\/feuerwehr\/wp-content\/uploads\/sites\/2\/2011\/07\/ungarn2011_08-80x80.jpg\" class=\"attachment-thumbnail size-thumbnail\" alt=\"\" \/><\/a>\n\t\t\t<\/dt><\/dl><dl class='gallery-item'>\n\t\t\t<dt class='gallery-icon landscape'>\n\t\t\t\t<a href='https:\/\/cms.dedenhausen.de\/feuerwehr\/berichte\/ortsfeuerwehr-dedenhausen-besucht-partnerfeuerwehr-in-balatongyorok\/ungarn2011_09\/'><img loading=\"lazy\" decoding=\"async\" width=\"80\" height=\"80\" src=\"https:\/\/cms.dedenhausen.de\/feuerwehr\/wp-content\/uploads\/sites\/2\/2011\/07\/ungarn2011_09-80x80.jpg\" class=\"attachment-thumbnail size-thumbnail\" alt=\"\" \/><\/a>\n\t\t\t<\/dt><\/dl><br style=\"clear: both\" \/><dl class='gallery-item'>\n\t\t\t<dt class='gallery-icon landscape'>\n\t\t\t\t<a href='https:\/\/cms.dedenhausen.de\/feuerwehr\/berichte\/ortsfeuerwehr-dedenhausen-besucht-partnerfeuerwehr-in-balatongyorok\/ungarn2011_10\/'><img loading=\"lazy\" decoding=\"async\" width=\"80\" height=\"80\" src=\"https:\/\/cms.dedenhausen.de\/feuerwehr\/wp-content\/uploads\/sites\/2\/2011\/07\/ungarn2011_10-80x80.jpg\" class=\"attachment-thumbnail size-thumbnail\" alt=\"\" \/><\/a>\n\t\t\t<\/dt><\/dl><dl class='gallery-item'>\n\t\t\t<dt class='gallery-icon landscape'>\n\t\t\t\t<a href='https:\/\/cms.dedenhausen.de\/feuerwehr\/berichte\/ortsfeuerwehr-dedenhausen-besucht-partnerfeuerwehr-in-balatongyorok\/ungarn2011_11\/'><img loading=\"lazy\" decoding=\"async\" width=\"80\" height=\"80\" src=\"https:\/\/cms.dedenhausen.de\/feuerwehr\/wp-content\/uploads\/sites\/2\/2011\/07\/ungarn2011_11-80x80.jpg\" class=\"attachment-thumbnail size-thumbnail\" alt=\"\" \/><\/a>\n\t\t\t<\/dt><\/dl><dl class='gallery-item'>\n\t\t\t<dt class='gallery-icon landscape'>\n\t\t\t\t<a href='https:\/\/cms.dedenhausen.de\/feuerwehr\/berichte\/ortsfeuerwehr-dedenhausen-besucht-partnerfeuerwehr-in-balatongyorok\/ungarn2011_12\/'><img loading=\"lazy\" decoding=\"async\" width=\"80\" height=\"80\" src=\"https:\/\/cms.dedenhausen.de\/feuerwehr\/wp-content\/uploads\/sites\/2\/2011\/07\/ungarn2011_12-80x80.jpg\" class=\"attachment-thumbnail size-thumbnail\" alt=\"\" \/><\/a>\n\t\t\t<\/dt><\/dl><br style=\"clear: both\" \/><dl class='gallery-item'>\n\t\t\t<dt class='gallery-icon landscape'>\n\t\t\t\t<a href='https:\/\/cms.dedenhausen.de\/feuerwehr\/berichte\/ortsfeuerwehr-dedenhausen-besucht-partnerfeuerwehr-in-balatongyorok\/ungarn2011_13\/'><img loading=\"lazy\" decoding=\"async\" width=\"80\" height=\"80\" src=\"https:\/\/cms.dedenhausen.de\/feuerwehr\/wp-content\/uploads\/sites\/2\/2011\/07\/ungarn2011_13-80x80.jpg\" class=\"attachment-thumbnail size-thumbnail\" alt=\"\" \/><\/a>\n\t\t\t<\/dt><\/dl><dl class='gallery-item'>\n\t\t\t<dt class='gallery-icon landscape'>\n\t\t\t\t<a href='https:\/\/cms.dedenhausen.de\/feuerwehr\/berichte\/ortsfeuerwehr-dedenhausen-besucht-partnerfeuerwehr-in-balatongyorok\/ungarn2011_14\/'><img loading=\"lazy\" decoding=\"async\" width=\"80\" height=\"80\" src=\"https:\/\/cms.dedenhausen.de\/feuerwehr\/wp-content\/uploads\/sites\/2\/2011\/07\/ungarn2011_14-80x80.jpg\" class=\"attachment-thumbnail size-thumbnail\" alt=\"\" \/><\/a>\n\t\t\t<\/dt><\/dl><dl class='gallery-item'>\n\t\t\t<dt class='gallery-icon landscape'>\n\t\t\t\t<a href='https:\/\/cms.dedenhausen.de\/feuerwehr\/berichte\/ortsfeuerwehr-dedenhausen-besucht-partnerfeuerwehr-in-balatongyorok\/ungarn2011_15\/'><img loading=\"lazy\" decoding=\"async\" width=\"80\" height=\"80\" src=\"https:\/\/cms.dedenhausen.de\/feuerwehr\/wp-content\/uploads\/sites\/2\/2011\/07\/ungarn2011_15-80x80.jpg\" class=\"attachment-thumbnail size-thumbnail\" alt=\"\" \/><\/a>\n\t\t\t<\/dt><\/dl><br style=\"clear: both\" \/><dl class='gallery-item'>\n\t\t\t<dt class='gallery-icon portrait'>\n\t\t\t\t<a href='https:\/\/cms.dedenhausen.de\/feuerwehr\/berichte\/ortsfeuerwehr-dedenhausen-besucht-partnerfeuerwehr-in-balatongyorok\/ungarn2011_16\/'><img loading=\"lazy\" decoding=\"async\" width=\"80\" height=\"80\" src=\"https:\/\/cms.dedenhausen.de\/feuerwehr\/wp-content\/uploads\/sites\/2\/2011\/07\/ungarn2011_16-80x80.jpg\" class=\"attachment-thumbnail size-thumbnail\" alt=\"\" \/><\/a>\n\t\t\t<\/dt><\/dl><dl class='gallery-item'>\n\t\t\t<dt class='gallery-icon landscape'>\n\t\t\t\t<a href='https:\/\/cms.dedenhausen.de\/feuerwehr\/berichte\/ortsfeuerwehr-dedenhausen-besucht-partnerfeuerwehr-in-balatongyorok\/ungarn2011_17\/'><img loading=\"lazy\" decoding=\"async\" width=\"80\" height=\"80\" src=\"https:\/\/cms.dedenhausen.de\/feuerwehr\/wp-content\/uploads\/sites\/2\/2011\/07\/ungarn2011_17-80x80.jpg\" class=\"attachment-thumbnail size-thumbnail\" alt=\"\" \/><\/a>\n\t\t\t<\/dt><\/dl><dl class='gallery-item'>\n\t\t\t<dt class='gallery-icon landscape'>\n\t\t\t\t<a href='https:\/\/cms.dedenhausen.de\/feuerwehr\/berichte\/ortsfeuerwehr-dedenhausen-besucht-partnerfeuerwehr-in-balatongyorok\/ungarn2011_18\/'><img loading=\"lazy\" decoding=\"async\" width=\"80\" height=\"80\" src=\"https:\/\/cms.dedenhausen.de\/feuerwehr\/wp-content\/uploads\/sites\/2\/2011\/07\/ungarn2011_18-80x80.jpg\" class=\"attachment-thumbnail size-thumbnail\" alt=\"\" \/><\/a>\n\t\t\t<\/dt><\/dl><br style=\"clear: both\" \/><dl class='gallery-item'>\n\t\t\t<dt class='gallery-icon landscape'>\n\t\t\t\t<a href='https:\/\/cms.dedenhausen.de\/feuerwehr\/berichte\/ortsfeuerwehr-dedenhausen-besucht-partnerfeuerwehr-in-balatongyorok\/ungarn2011_19\/'><img loading=\"lazy\" decoding=\"async\" width=\"80\" height=\"80\" src=\"https:\/\/cms.dedenhausen.de\/feuerwehr\/wp-content\/uploads\/sites\/2\/2011\/07\/ungarn2011_19-80x80.jpg\" class=\"attachment-thumbnail size-thumbnail\" alt=\"\" \/><\/a>\n\t\t\t<\/dt><\/dl><dl class='gallery-item'>\n\t\t\t<dt class='gallery-icon landscape'>\n\t\t\t\t<a href='https:\/\/cms.dedenhausen.de\/feuerwehr\/berichte\/ortsfeuerwehr-dedenhausen-besucht-partnerfeuerwehr-in-balatongyorok\/ungarn2011_20\/'><img loading=\"lazy\" decoding=\"async\" width=\"80\" height=\"80\" src=\"https:\/\/cms.dedenhausen.de\/feuerwehr\/wp-content\/uploads\/sites\/2\/2011\/07\/ungarn2011_20-80x80.jpg\" class=\"attachment-thumbnail size-thumbnail\" alt=\"\" \/><\/a>\n\t\t\t<\/dt><\/dl><dl class='gallery-item'>\n\t\t\t<dt class='gallery-icon landscape'>\n\t\t\t\t<a href='https:\/\/cms.dedenhausen.de\/feuerwehr\/berichte\/ortsfeuerwehr-dedenhausen-besucht-partnerfeuerwehr-in-balatongyorok\/ungarn2011_21\/'><img loading=\"lazy\" decoding=\"async\" width=\"80\" height=\"80\" src=\"https:\/\/cms.dedenhausen.de\/feuerwehr\/wp-content\/uploads\/sites\/2\/2011\/07\/ungarn2011_21-80x80.jpg\" class=\"attachment-thumbnail size-thumbnail\" alt=\"\" \/><\/a>\n\t\t\t<\/dt><\/dl><br style=\"clear: both\" \/><dl class='gallery-item'>\n\t\t\t<dt class='gallery-icon portrait'>\n\t\t\t\t<a href='https:\/\/cms.dedenhausen.de\/feuerwehr\/berichte\/ortsfeuerwehr-dedenhausen-besucht-partnerfeuerwehr-in-balatongyorok\/ungarn2011_22\/'><img loading=\"lazy\" decoding=\"async\" width=\"80\" height=\"80\" src=\"https:\/\/cms.dedenhausen.de\/feuerwehr\/wp-content\/uploads\/sites\/2\/2011\/07\/ungarn2011_22-80x80.jpg\" class=\"attachment-thumbnail size-thumbnail\" alt=\"\" \/><\/a>\n\t\t\t<\/dt><\/dl><dl class='gallery-item'>\n\t\t\t<dt class='gallery-icon landscape'>\n\t\t\t\t<a href='https:\/\/cms.dedenhausen.de\/feuerwehr\/berichte\/ortsfeuerwehr-dedenhausen-besucht-partnerfeuerwehr-in-balatongyorok\/ungarn2011_23\/'><img loading=\"lazy\" decoding=\"async\" width=\"80\" height=\"80\" src=\"https:\/\/cms.dedenhausen.de\/feuerwehr\/wp-content\/uploads\/sites\/2\/2011\/07\/ungarn2011_23-80x80.jpg\" class=\"attachment-thumbnail size-thumbnail\" alt=\"\" \/><\/a>\n\t\t\t<\/dt><\/dl>\n\t\t\t<br style='clear: both' \/>\n\t\t<\/div>\n\n","protected":false},"excerpt":{"rendered":"<p>Reise wurde ohne finanzielle Mittel der Gemeinde Uetze durchgef\u00fchrt. Dedenhausen\/Balatongy\u00f6r\u00f6k. Am 21. Juli trafen 14 f\u00f6rdernde und aktive Feuerwehrleute der Ortsfeuerwehr Dedenhausen zu einem viert\u00e4gigen Besuch im Partnerort der Gemeinde Uetze am Balaton (Plattensee \/ Ungarn) ein. Teilweise wurde sogar in Familienst\u00e4rke angereist um den Partnerschaftsbesuch mit einem Familienurlaub zu verbinden. Ortsbrandmeister Gyula Micola aus [&hellip;]<\/p>\n","protected":false},"author":7,"featured_media":0,"parent":127,"menu_order":4,"comment_status":"closed","ping_status":"closed","template":"","meta":{"footnotes":""},"class_list":["post-284","page","type-page","status-publish","hentry"],"_links":{"self":[{"href":"https:\/\/cms.dedenhausen.de\/feuerwehr\/wp-json\/wp\/v2\/pages\/284","targetHints":{"allow":["GET"]}}],"collection":[{"href":"https:\/\/cms.dedenhausen.de\/feuerwehr\/wp-json\/wp\/v2\/pages"}],"about":[{"href":"https:\/\/cms.dedenhausen.de\/feuerwehr\/wp-json\/wp\/v2\/types\/page"}],"author":[{"embeddable":true,"href":"https:\/\/cms.dedenhausen.de\/feuerwehr\/wp-json\/wp\/v2\/users\/7"}],"replies":[{"embeddable":true,"href":"https:\/\/cms.dedenhausen.de\/feuerwehr\/wp-json\/wp\/v2\/comments?post=284"}],"version-history":[{"count":4,"href":"https:\/\/cms.dedenhausen.de\/feuerwehr\/wp-json\/wp\/v2\/pages\/284\/revisions"}],"predecessor-version":[{"id":672,"href":"https:\/\/cms.dedenhausen.de\/feuerwehr\/wp-json\/wp\/v2\/pages\/284\/revisions\/672"}],"up":[{"embeddable":true,"href":"https:\/\/cms.dedenhausen.de\/feuerwehr\/wp-json\/wp\/v2\/pages\/127"}],"wp:attachment":[{"href":"https:\/\/cms.dedenhausen.de\/feuerwehr\/wp-json\/wp\/v2\/media?parent=284"}],"curies":[{"name":"wp","href":"https:\/\/api.w.org\/{rel}","templated":true}]}}