{"id":155,"date":"2010-12-28T19:15:38","date_gmt":"2010-12-28T19:15:38","guid":{"rendered":"http:\/\/feuerwehr.dedenhausen.de\/?page_id=155"},"modified":"2010-12-28T19:15:38","modified_gmt":"2010-12-28T19:15:38","slug":"winterzeit","status":"publish","type":"page","link":"https:\/\/cms.dedenhausen.de\/feuerwehr\/sicherheitstipps\/winterzeit\/","title":{"rendered":"Winterzeit"},"content":{"rendered":"<p><strong><span style=\"text-decoration: underline\">Freihalten von Unterflurhydranten in den Wintermonaten<\/span><\/strong><\/p>\n<p><strong><span style=\"text-decoration: underline\"> <\/span><\/strong><\/p>\n<p>Haben Sie sich schon einmal gefragt, woher die Feuerwehr das zum L\u00f6schen ben\u00f6tigte Wasser bekommt? Mit diesem Sicherheitstipp m\u00f6chten wir Ihnen einige Hinweise an die Hand geben, mit denen Sie uns helfen, schnell eine L\u00f6schwasserversorgung aufzubauen.<\/p>\n<p>Zur Wasserentnahme sind \u00fcberall in unseren Ortschaften Hydranten installiert, die an die \u00f6rtliche Trinkwasserleitung angeschlossen sind. Es gibt \u00dcberflurhydranten, diese sind fest \u00fcber der Erde installiert und im Regelfall sehr gut zu erkennen.<\/p>\n<p>Dar\u00fcber hinaus gibt es auch eine Vielzahl von Unterflurhydranten in unseren St\u00e4dten und D\u00f6rfern. Diese sind unterirdisch installiert und ebenerdig in eine Stra\u00dfen-fahrbahn, einen Gehweg oder eine Gr\u00fcnfl\u00e4che eingelassen und f\u00fcr Laien auf den ersten Blick nur durch einen ovalen Metalldeckel zuerkennen.<\/p>\n<p>Diese Unscheinbarkeit f\u00fchrt gerade in den Wintermonaten dazu, dass diese \u201eDeckel\u201c nicht nur \u00fcbersehen, sondern auch h\u00e4ufig beim Schneer\u00e4umen mit Schnee- und Eismassen von den Anwohnern zugeschoben werden.<\/p>\n<p>Durch die Tau- und Frostphasen am Tag und in der Nacht bildet der tauende und wieder gefrierende Schnee einen dicken \u201eEispanzer\u201c. Dieser vereiste Schneeberg \u00fcber dem Unterflurhydranten ist f\u00fcr die Feuerwehren nahezu undurchdringbar. In so einem Fall m\u00fcssten wir unser L\u00f6schwasser \u00fcber weite Wege antransportieren, hierdurch verz\u00f6gert sich die Brandbek\u00e4mpfung. Menschenleben und gro\u00dfe Verm\u00f6genswerte sind hierdurch gef\u00e4hrdet.<\/p>\n<p>Die Feuerwehren und Wasserversorgungsunternehmen machen im Herbst die Unterflurhydranten zwar \u201ewinterfest\u201c. Mit diesen Ma\u00dfnahmen kann allerdings nicht verhindert werden, dass diese mit ger\u00e4umtem Schnee bedeckt werden.<\/p>\n<p>Wir erleben es bei Eins\u00e4tzen immer wieder, dass Hydranten mit Eis- oder Schneemassen zugesch\u00fcttet sind. Achten Sie beim Schneer\u00e4umen auch darauf, keine Hinweisschilder durch Schneehaufen zu verdecken!<\/p>\n<p><strong>Unsere gro\u00dfe Bitte an Sie als Anwohner, Hauseigent\u00fcmer, Hausverwalter oder Hausmeister ist daher:<\/strong><\/p>\n<p><strong> <\/strong><\/p>\n<p><strong> <\/strong><\/p>\n<p><strong><span style=\"text-decoration: underline\">Halten Sie bitte die Hydranten vor Ihrem Haus oder in Ihrem \u201eR\u00e4umbereich\u201c frei von Eis und Schnee, damit die Einsatzkr\u00e4fte schnell an ihr L\u00f6schmittel gelangen und schnell mit der Brandbek\u00e4mpfung beginnen k\u00f6nnen!<\/span><\/strong><\/p>\n<p><strong><span style=\"text-decoration: underline\"> <\/span><\/strong><\/p>\n<p><strong><span style=\"text-decoration: underline\"> <\/span><\/strong><\/p>\n<p><strong> <\/strong><\/p>\n<p><strong>Es k\u00f6nnte auch Ihre Familie oder Ihr \u201eHab und Gut\u201c betroffen sein.<\/strong><\/p>\n<p>Im Zweifelsfall k\u00f6nnte ein Gesch\u00e4digter sogar Schadenersatz gegen\u00fcber einem zur Schneer\u00e4umung verpflichteten geltend machen, wenn beispielsweise ein Hydrant in einem Brandfall nicht Eis- und Schneefrei war.<\/p>\n<p><strong>Woran erkennen Sie einen Unterflurhydranten au\u00dfer am Deckel noch?<\/strong><\/p>\n<p><strong><a href=\"http:\/\/cms.dedenhausen.de\/feuerwehr\/wp-content\/uploads\/sites\/2\/2010\/12\/Hydrantenschild.jpg\"><img loading=\"lazy\" decoding=\"async\" class=\"aligncenter size-medium wp-image-156\" title=\"Hydrantenschild\" src=\"http:\/\/cms.dedenhausen.de\/feuerwehr\/wp-content\/uploads\/sites\/2\/2010\/12\/Hydrantenschild-300x300.jpg\" alt=\"\" width=\"300\" height=\"300\" srcset=\"https:\/\/cms.dedenhausen.de\/feuerwehr\/wp-content\/uploads\/sites\/2\/2010\/12\/Hydrantenschild-300x300.jpg 300w, https:\/\/cms.dedenhausen.de\/feuerwehr\/wp-content\/uploads\/sites\/2\/2010\/12\/Hydrantenschild-150x150.jpg 150w, https:\/\/cms.dedenhausen.de\/feuerwehr\/wp-content\/uploads\/sites\/2\/2010\/12\/Hydrantenschild.jpg 600w\" sizes=\"auto, (max-width: 300px) 100vw, 300px\" \/><\/a><\/strong>Hydranten werden im \u00f6ffentlichen Raum durch spezielle rot-wei\u00dfe Hinweisschilder gekennzeichnet. Auf diesen jeweils 25 cm x 20 cm gro\u00dfen Schildern ist neben einem \u201eH\u201c f\u00fcr Hydrant noch der Wasserrohrdurchmesser in mm angegeben und die Lage des Hydranten im \u00f6rtlichen Nahbereich. Diese Entfernungsangabe ist in Metern angegeben. Beispielschild links: Dieser Hydrant wird aus einer Wasserleitung mit einem Durchmesser von 100 mm gespeist. \u00a0Um diesen zu finden stellen sie sich mit dem R\u00fccken an das Schild und folgen Sie den Entfernungs- angaben. In diesem Fall gehen Sie 6,4 m nach vorn, drehen sich um 90\u00b0 nach links und gehen dann 12,7 m in diese Richtung. Unter Ihnen sollte sich nun der ovale Metalldeckel des gesuchten Hydranten befinden.<\/p>\n<p><a href=\"http:\/\/cms.dedenhausen.de\/feuerwehr\/wp-content\/uploads\/sites\/2\/2010\/12\/Hydrantendeckel.jpg\"><img loading=\"lazy\" decoding=\"async\" class=\"aligncenter size-full wp-image-157\" title=\"Hydrantendeckel\" src=\"http:\/\/cms.dedenhausen.de\/feuerwehr\/wp-content\/uploads\/sites\/2\/2010\/12\/Hydrantendeckel.jpg\" alt=\"\" width=\"176\" height=\"129\" \/><\/a><\/p>\n<p><strong><span style=\"text-decoration: underline\"> <\/span><\/strong><\/p>\n<p><strong><span style=\"text-decoration: underline\">Bitte beherzigen Sie diese Hinweise und sprechen Sie auch mit Ihren Nachbarn, Hausverwaltern oder Hausmeistern dar\u00fcber. <\/span><\/strong><\/p>\n<p><strong><span style=\"text-decoration: underline\">Sie unterst\u00fctzen dadurch die Arbeit der Feuerwehr ganz entscheidend und leisten somit einen Beitrag zu Ihrer und zur allgemeinen Sicherheit!<\/span><\/strong><\/p>\n<p><strong><span style=\"text-decoration: underline\"> <\/span><\/strong><\/p>\n<p><strong><span style=\"text-decoration: underline\">Ihre Ortsfeuerwehr Dedenhausen<\/span><\/strong><\/p>\n<p><strong><span style=\"text-decoration: underline\"> <\/span><\/strong><\/p>\n<p><strong><span style=\"text-decoration: underline\"> <\/span><\/strong><\/p>\n<p><strong><span style=\"text-decoration: underline\"><a href=\"..\/\">http:\/\/feuerwehr.dedenhausen.de\/<\/a><\/span><\/strong><\/p>\n","protected":false},"excerpt":{"rendered":"<p>Freihalten von Unterflurhydranten in den Wintermonaten Haben Sie sich schon einmal gefragt, woher die Feuerwehr das zum L\u00f6schen ben\u00f6tigte Wasser bekommt? Mit diesem Sicherheitstipp m\u00f6chten wir Ihnen einige Hinweise an die Hand geben, mit denen Sie uns helfen, schnell eine L\u00f6schwasserversorgung aufzubauen. Zur Wasserentnahme sind \u00fcberall in unseren Ortschaften Hydranten installiert, die an die \u00f6rtliche [&hellip;]<\/p>\n","protected":false},"author":7,"featured_media":156,"parent":78,"menu_order":0,"comment_status":"closed","ping_status":"closed","template":"","meta":{"footnotes":""},"class_list":["post-155","page","type-page","status-publish","has-post-thumbnail","hentry"],"_links":{"self":[{"href":"https:\/\/cms.dedenhausen.de\/feuerwehr\/wp-json\/wp\/v2\/pages\/155","targetHints":{"allow":["GET"]}}],"collection":[{"href":"https:\/\/cms.dedenhausen.de\/feuerwehr\/wp-json\/wp\/v2\/pages"}],"about":[{"href":"https:\/\/cms.dedenhausen.de\/feuerwehr\/wp-json\/wp\/v2\/types\/page"}],"author":[{"embeddable":true,"href":"https:\/\/cms.dedenhausen.de\/feuerwehr\/wp-json\/wp\/v2\/users\/7"}],"replies":[{"embeddable":true,"href":"https:\/\/cms.dedenhausen.de\/feuerwehr\/wp-json\/wp\/v2\/comments?post=155"}],"version-history":[{"count":0,"href":"https:\/\/cms.dedenhausen.de\/feuerwehr\/wp-json\/wp\/v2\/pages\/155\/revisions"}],"up":[{"embeddable":true,"href":"https:\/\/cms.dedenhausen.de\/feuerwehr\/wp-json\/wp\/v2\/pages\/78"}],"wp:featuredmedia":[{"embeddable":true,"href":"https:\/\/cms.dedenhausen.de\/feuerwehr\/wp-json\/wp\/v2\/media\/156"}],"wp:attachment":[{"href":"https:\/\/cms.dedenhausen.de\/feuerwehr\/wp-json\/wp\/v2\/media?parent=155"}],"curies":[{"name":"wp","href":"https:\/\/api.w.org\/{rel}","templated":true}]}}