{"id":1015,"date":"2016-09-20T23:30:51","date_gmt":"2016-09-20T21:30:51","guid":{"rendered":"http:\/\/cms.dedenhausen.de\/feuerwehr\/?page_id=1015"},"modified":"2016-09-20T23:30:51","modified_gmt":"2016-09-20T21:30:51","slug":"technische-daten-des-neuen-tsf-w","status":"publish","type":"page","link":"https:\/\/cms.dedenhausen.de\/feuerwehr\/uber-uns\/technische-daten-des-neuen-tsf-w\/","title":{"rendered":"Technische Daten des neuen TSF-W"},"content":{"rendered":"<p><strong>TSF-W (Tragkraftspritzenfahrzeug \u2013 Wasser)<\/strong><\/p>\n<p>&nbsp;<\/p>\n<p><u>Im Dienst seit<\/u>: 15.04.2016 (offizielle \u00dcbergabe: 10.09.2016)<\/p>\n<p><u>Information\u00a0 TSF-W<\/u><\/p>\n<p>Das TSF-W ist ein L\u00f6schfahrzeug mit einer Tragkraftspritze, einer Einrichtung zu schnellen Wasserabgabe (Schnellangriff), einem L\u00f6schwasserbeh\u00e4lter und einer feuerwehrtechnischen Beladung f\u00fcr eine Gruppe (9), dessen Besatzung aber aus einer Staffel (6) besteht.<\/p>\n<p>Es wird \u00fcberwiegend zur Brandbek\u00e4mpfung eingesetzt und bildet mit der zur Gruppe erg\u00e4nzenden Besatzung eine selbst\u00e4ndige taktische Einheit.<\/p>\n<p><u>Fahrzeugdaten:<\/u><\/p>\n<ul>\n<li>Iveco Daily 70 C 17 D<\/li>\n<li>Dieselmotor, 3,0 Liter Hubraum, Euro 5<\/li>\n<li>Leistung 125 KW = 170 PS<\/li>\n<li>Radstand 3,75 m<\/li>\n<li>Gesamtgewicht: 7000 Kg<\/li>\n<\/ul>\n<p><u>Daten Feuerwehrtechnischer Ausbau (Fa.Ziegler, Rendsburg):<\/u><\/p>\n<ul>\n<li>Wassertank 1000 Liter<\/li>\n<li>Eingeschobene Tragkraftspritze PFPN 10-1000<\/li>\n<li>Einrichtung zur schnellen Wasserabgabe<\/li>\n<li>6 Sitzpl\u00e4tze f\u00fcr die Aufnahme einer L\u00f6schstaffel<\/li>\n<li>4 Atemschutzger\u00e4te<\/li>\n<li>Lagerungen f\u00fcr die Normbeladung Brandbek\u00e4mpfung f\u00fcr eine L\u00f6schgruppe<\/li>\n<li>Zusatzbeladung Schaum<\/li>\n<li>Zusatzbeladung Motors\u00e4ge<\/li>\n<li>Beladungsm\u00f6glichkeiten f\u00fcr einen Stromerzeuger und Beleuchtungsausstattung<\/li>\n<li>Fest installierter Lichtmast mit 4 LED-Scheinwerfern<\/li>\n<\/ul>\n","protected":false},"excerpt":{"rendered":"<p>TSF-W (Tragkraftspritzenfahrzeug \u2013 Wasser) &nbsp; Im Dienst seit: 15.04.2016 (offizielle \u00dcbergabe: 10.09.2016) Information\u00a0 TSF-W Das TSF-W ist ein L\u00f6schfahrzeug mit einer Tragkraftspritze, einer Einrichtung zu schnellen Wasserabgabe (Schnellangriff), einem L\u00f6schwasserbeh\u00e4lter und einer feuerwehrtechnischen Beladung f\u00fcr eine Gruppe (9), dessen Besatzung aber aus einer Staffel (6) besteht. Es wird \u00fcberwiegend zur Brandbek\u00e4mpfung eingesetzt und bildet mit [&hellip;]<\/p>\n","protected":false},"author":8,"featured_media":0,"parent":57,"menu_order":0,"comment_status":"closed","ping_status":"closed","template":"","meta":{"footnotes":""},"class_list":["post-1015","page","type-page","status-publish","hentry"],"_links":{"self":[{"href":"https:\/\/cms.dedenhausen.de\/feuerwehr\/wp-json\/wp\/v2\/pages\/1015","targetHints":{"allow":["GET"]}}],"collection":[{"href":"https:\/\/cms.dedenhausen.de\/feuerwehr\/wp-json\/wp\/v2\/pages"}],"about":[{"href":"https:\/\/cms.dedenhausen.de\/feuerwehr\/wp-json\/wp\/v2\/types\/page"}],"author":[{"embeddable":true,"href":"https:\/\/cms.dedenhausen.de\/feuerwehr\/wp-json\/wp\/v2\/users\/8"}],"replies":[{"embeddable":true,"href":"https:\/\/cms.dedenhausen.de\/feuerwehr\/wp-json\/wp\/v2\/comments?post=1015"}],"version-history":[{"count":3,"href":"https:\/\/cms.dedenhausen.de\/feuerwehr\/wp-json\/wp\/v2\/pages\/1015\/revisions"}],"predecessor-version":[{"id":1018,"href":"https:\/\/cms.dedenhausen.de\/feuerwehr\/wp-json\/wp\/v2\/pages\/1015\/revisions\/1018"}],"up":[{"embeddable":true,"href":"https:\/\/cms.dedenhausen.de\/feuerwehr\/wp-json\/wp\/v2\/pages\/57"}],"wp:attachment":[{"href":"https:\/\/cms.dedenhausen.de\/feuerwehr\/wp-json\/wp\/v2\/media?parent=1015"}],"curies":[{"name":"wp","href":"https:\/\/api.w.org\/{rel}","templated":true}]}}