{"id":2714,"date":"2024-01-05T21:57:32","date_gmt":"2024-01-05T19:57:32","guid":{"rendered":"http:\/\/cms.dedenhausen.de\/mtv\/?page_id=2714"},"modified":"2025-11-30T16:45:42","modified_gmt":"2025-11-30T14:45:42","slug":"badminton-2","status":"publish","type":"page","link":"http:\/\/cms.dedenhausen.de\/mtv\/eine-seite\/badminton-2\/","title":{"rendered":"Volleyball"},"content":{"rendered":"\n<h2 class=\"wp-block-heading\">Trainingszeiten<\/h2>\n\n\n\n<p>Montags ab 20.30 Uhr<br>Mittwochs ab 20.15 Uhr<br>Treffpunkt: Turnhalle Dedenhausen &#8211; Unter den Eichen<\/p>\n\n\n\n<h2 class=\"wp-block-heading\">\u00dcbungsleiter<\/h2>\n\n\n\n<p>Jan Pohlhaus<br>Mail: jan.pohlhaus@posteo.de<\/p>\n\n\n\n<h2 class=\"wp-block-heading\">Kurzbeschreibung<\/h2>\n\n\n\n<p>Die im September 2023 (wieder) neu gegr\u00fcndete Volleyballsparte ist offen f\u00fcr jede\/n Spieler. Egal ob jung oder alt, blutiger Anf\u00e4nger oder langj\u00e4hriger Profi. Die Sparte nimmt seit November 2023 auch im Liga-Betrieb teil und ist aktuell in der Regions-Liga (FS), Mixed C3 vertreten.<br><a href=\"https:\/\/www.nwvv-hannover.de\/cms\/home\/freizeitsport\/mixedc\/mixedc3.xhtml\">https:\/\/www.nwvv-hannover.de\/cms\/home\/freizeitsport\/mixedc\/mixedc3.xhtml<\/a><\/p>\n\n\n\n<figure class=\"wp-block-image size-large\"><a href=\"https:\/\/cms.dedenhausen.de\/mtv\/wp-content\/uploads\/sites\/3\/2025\/11\/WhatsApp-Image-2025-10-06-at-21.50.21.jpg\"><img loading=\"lazy\" decoding=\"async\" width=\"1030\" height=\"773\" src=\"https:\/\/cms.dedenhausen.de\/mtv\/wp-content\/uploads\/sites\/3\/2025\/11\/WhatsApp-Image-2025-10-06-at-21.50.21-1030x773.jpg\" alt=\"\" class=\"wp-image-3045\" srcset=\"http:\/\/cms.dedenhausen.de\/mtv\/wp-content\/uploads\/sites\/3\/2025\/11\/WhatsApp-Image-2025-10-06-at-21.50.21-1030x773.jpg 1030w, http:\/\/cms.dedenhausen.de\/mtv\/wp-content\/uploads\/sites\/3\/2025\/11\/WhatsApp-Image-2025-10-06-at-21.50.21-300x225.jpg 300w, http:\/\/cms.dedenhausen.de\/mtv\/wp-content\/uploads\/sites\/3\/2025\/11\/WhatsApp-Image-2025-10-06-at-21.50.21-768x576.jpg 768w, http:\/\/cms.dedenhausen.de\/mtv\/wp-content\/uploads\/sites\/3\/2025\/11\/WhatsApp-Image-2025-10-06-at-21.50.21-1536x1152.jpg 1536w, http:\/\/cms.dedenhausen.de\/mtv\/wp-content\/uploads\/sites\/3\/2025\/11\/WhatsApp-Image-2025-10-06-at-21.50.21-1500x1125.jpg 1500w, http:\/\/cms.dedenhausen.de\/mtv\/wp-content\/uploads\/sites\/3\/2025\/11\/WhatsApp-Image-2025-10-06-at-21.50.21-705x529.jpg 705w, http:\/\/cms.dedenhausen.de\/mtv\/wp-content\/uploads\/sites\/3\/2025\/11\/WhatsApp-Image-2025-10-06-at-21.50.21.jpg 1600w\" sizes=\"auto, (max-width: 1030px) 100vw, 1030px\" \/><\/a><\/figure>\n","protected":false},"excerpt":{"rendered":"<p>Trainingszeiten Montags ab 20.30 UhrMittwochs ab 20.15 UhrTreffpunkt: Turnhalle Dedenhausen &#8211; Unter den Eichen \u00dcbungsleiter Jan PohlhausMail: jan.pohlhaus@posteo.de Kurzbeschreibung Die im September 2023 (wieder) neu gegr\u00fcndete Volleyballsparte ist offen f\u00fcr jede\/n Spieler. Egal ob jung oder alt, blutiger Anf\u00e4nger oder langj\u00e4hriger Profi. Die Sparte nimmt seit November 2023 auch im Liga-Betrieb teil und ist aktuell [&hellip;]<\/p>\n","protected":false},"author":2,"featured_media":0,"parent":1138,"menu_order":0,"comment_status":"closed","ping_status":"open","template":"","meta":{"footnotes":""},"class_list":["post-2714","page","type-page","status-publish","hentry"],"_links":{"self":[{"href":"http:\/\/cms.dedenhausen.de\/mtv\/wp-json\/wp\/v2\/pages\/2714","targetHints":{"allow":["GET"]}}],"collection":[{"href":"http:\/\/cms.dedenhausen.de\/mtv\/wp-json\/wp\/v2\/pages"}],"about":[{"href":"http:\/\/cms.dedenhausen.de\/mtv\/wp-json\/wp\/v2\/types\/page"}],"author":[{"embeddable":true,"href":"http:\/\/cms.dedenhausen.de\/mtv\/wp-json\/wp\/v2\/users\/2"}],"replies":[{"embeddable":true,"href":"http:\/\/cms.dedenhausen.de\/mtv\/wp-json\/wp\/v2\/comments?post=2714"}],"version-history":[{"count":8,"href":"http:\/\/cms.dedenhausen.de\/mtv\/wp-json\/wp\/v2\/pages\/2714\/revisions"}],"predecessor-version":[{"id":3081,"href":"http:\/\/cms.dedenhausen.de\/mtv\/wp-json\/wp\/v2\/pages\/2714\/revisions\/3081"}],"up":[{"embeddable":true,"href":"http:\/\/cms.dedenhausen.de\/mtv\/wp-json\/wp\/v2\/pages\/1138"}],"wp:attachment":[{"href":"http:\/\/cms.dedenhausen.de\/mtv\/wp-json\/wp\/v2\/media?parent=2714"}],"curies":[{"name":"wp","href":"https:\/\/api.w.org\/{rel}","templated":true}]}}