{"id":2235,"date":"2021-10-19T16:39:28","date_gmt":"2021-10-19T14:39:28","guid":{"rendered":"http:\/\/cms.dedenhausen.de\/mtv\/?page_id=2235"},"modified":"2025-11-30T16:43:39","modified_gmt":"2025-11-30T14:43:39","slug":"turnmonster","status":"publish","type":"page","link":"http:\/\/cms.dedenhausen.de\/mtv\/eine-seite\/turnmonster\/","title":{"rendered":"Kinderturnen (3 &#8211; 6 Jahre) &#8211; Turnmonster"},"content":{"rendered":"\n<h2 class=\"wp-block-heading\">Trainingszeiten<\/h2>\n\n\n\n<p>Donnerstag: 16.00 bis 17.00 Uhr<br>Treffpunkt: Turnhalle Dedenhausen &#8211; Unter den Eichen<\/p>\n\n\n\n<h2 class=\"wp-block-heading\">\u00dcbungsleiterIn<\/h2>\n\n\n\n<p>Andr\u00e9 Walzer<br>Mobil: 0176-21809677<\/p>\n\n\n\n<p>Sina Boie<br>Mobil: 0176-70296914<\/p>\n\n\n\n<h2 class=\"wp-block-heading\">Kurzbeschreibung <\/h2>\n\n\n\n<p>In unserer Kinderturngruppe f\u00fcr 3-6-J\u00e4hrige k\u00f6nnen die Kinder spielerisch die Halle erobern und sich an verschiedenen Spielen, Kletterlandschaften und Turnger\u00e4ten ausprobieren &#8211; ganz ohne Eltern. Dabei steht der Spa\u00df an der Bewegung im Vordergrund, w\u00e4hrend sie ihre motorischen F\u00e4higkeiten weiterentwickeln.<\/p>\n","protected":false},"excerpt":{"rendered":"<p>Trainingszeiten Donnerstag: 16.00 bis 17.00 UhrTreffpunkt: Turnhalle Dedenhausen &#8211; Unter den Eichen \u00dcbungsleiterIn Andr\u00e9 WalzerMobil: 0176-21809677 Sina BoieMobil: 0176-70296914 Kurzbeschreibung In unserer Kinderturngruppe f\u00fcr 3-6-J\u00e4hrige k\u00f6nnen die Kinder spielerisch die Halle erobern und sich an verschiedenen Spielen, Kletterlandschaften und Turnger\u00e4ten ausprobieren &#8211; ganz ohne Eltern. Dabei steht der Spa\u00df an der Bewegung im Vordergrund, w\u00e4hrend [&hellip;]<\/p>\n","protected":false},"author":2,"featured_media":0,"parent":1138,"menu_order":0,"comment_status":"closed","ping_status":"closed","template":"","meta":{"footnotes":""},"class_list":["post-2235","page","type-page","status-publish","hentry"],"_links":{"self":[{"href":"http:\/\/cms.dedenhausen.de\/mtv\/wp-json\/wp\/v2\/pages\/2235","targetHints":{"allow":["GET"]}}],"collection":[{"href":"http:\/\/cms.dedenhausen.de\/mtv\/wp-json\/wp\/v2\/pages"}],"about":[{"href":"http:\/\/cms.dedenhausen.de\/mtv\/wp-json\/wp\/v2\/types\/page"}],"author":[{"embeddable":true,"href":"http:\/\/cms.dedenhausen.de\/mtv\/wp-json\/wp\/v2\/users\/2"}],"replies":[{"embeddable":true,"href":"http:\/\/cms.dedenhausen.de\/mtv\/wp-json\/wp\/v2\/comments?post=2235"}],"version-history":[{"count":12,"href":"http:\/\/cms.dedenhausen.de\/mtv\/wp-json\/wp\/v2\/pages\/2235\/revisions"}],"predecessor-version":[{"id":3039,"href":"http:\/\/cms.dedenhausen.de\/mtv\/wp-json\/wp\/v2\/pages\/2235\/revisions\/3039"}],"up":[{"embeddable":true,"href":"http:\/\/cms.dedenhausen.de\/mtv\/wp-json\/wp\/v2\/pages\/1138"}],"wp:attachment":[{"href":"http:\/\/cms.dedenhausen.de\/mtv\/wp-json\/wp\/v2\/media?parent=2235"}],"curies":[{"name":"wp","href":"https:\/\/api.w.org\/{rel}","templated":true}]}}